{"id":52,"date":"2018-12-14T20:22:14","date_gmt":"2018-12-14T20:22:14","guid":{"rendered":"https:\/\/lucadezmir.com\/shop-beta\/?post_type=product&#038;p=52"},"modified":"2023-10-31T13:44:56","modified_gmt":"2023-10-31T13:44:56","slug":"ebook-manual-de-guerilla-fiscala-pdf","status":"publish","type":"product","link":"https:\/\/lucadezmir.com\/shop\/produs\/ebook-manual-de-guerilla-fiscala-pdf\/","title":{"rendered":"Ebook &#8222;Manual de guerilla fiscala&#8221; &#8211; PDF"},"content":{"rendered":"<p style=\"margin-bottom: 0in;\" align=\"center\"><strong><span style=\"color: #000000;\"><span style=\"font-family: Arial;\"><span style=\"font-size: medium;\"><span lang=\"it-it\" xml:lang=\"it-it\">CARTE \u00ceN FORMAT ELECTRONIC PDF<\/span><\/span><\/span><\/span><\/strong><\/p>\n<p><strong><span style=\"color: #ff0000;\"><span style=\"font-size: large;\">MANUAL DE GUERILL\u0102 FISCAL\u0102<\/span><\/span><\/strong><\/p>\n<p style=\"line-height: .22in;\"><strong><span style=\"color: #606060;\"><span style=\"font-family: Tahoma, Verdana, Arial, Helvetica, sans-serif;\"><span style=\"font-size: small;\">Cum s\u0103 pl\u0103te\u015fti c\u00e2t mai pu\u0163ine taxe \u015fi impozite folosind metode \u00een \u00eentregime legale<\/span><\/span><\/span><\/strong><strong><span style=\"font-family: Tahoma, Verdana, Arial, Helvetica, sans-serif;\"><span style=\"font-size: small;\">de Luca Dezmir<\/span><\/span><\/strong><\/p>\n<p><span style=\"color: #fe6202;\">Cu ce te ajut\u0103 cartea<\/span><\/p>\n<p>Aceast\u0103 carte este rodul a aproape trei ani de<strong>\u00a0studii intense<\/strong>, legate de fiscalitate \u00een general \u015fi de codul fiscal rom\u00e2nesc \u00een special.<\/p>\n<p><strong>Cartea te ajut\u0103 s\u0103 \u00een\u0163elegi:<\/strong><\/p>\n<ul>\n<li>\n<p style=\"margin-bottom: 0in;\">fenomenul fiscalit\u0103\u0163ii;<\/p>\n<\/li>\n<li>\n<p style=\"margin-bottom: 0in;\">&#8222;cum g\u00e2nde\u015fte&#8221; statul, atunci c\u00e2nd te impoziteaz\u0103;<\/p>\n<\/li>\n<li>\n<p style=\"margin-bottom: 0in;\">care sunt componentele fiscalit\u0103\u0163ii;<\/p>\n<\/li>\n<li>care sunt principiile dup\u0103 care s\u0103 te ghidezi atunci c\u00e2nd vrei s\u0103-\u0163i reduci \u00een mod legal valoarea taxelor \u015fi impozitelor pe care le pl\u0103te\u015fti la stat.<\/li>\n<\/ul>\n<p style=\"line-height: .21in;\"><strong><span style=\"color: #993300;\">\u00a0\u00a0<\/span><\/strong><strong><span style=\"color: #993300;\"><span style=\"font-size: small;\">Cartea este pres\u0103rat\u0103 cu exemple de metode prin care s\u0103 po\u0163i s\u0103-\u0163i reduci taxele \u015fi impozitele pe care le pl\u0103te\u015fti, indiferent dac\u0103 e\u015fti angajat, liber profesionist, patron sau investitor.<\/span><\/span><\/strong><\/p>\n<p><span style=\"color: #fe6202;\">Cui \u00eei este dedicat\u0103 cartea<\/span><\/p>\n<p><strong>Cartea este scris\u0103 \u00eentr-un limbaj clar<\/strong>, accesibil unui public larg.\u00a0<em><span style=\"color: #993300;\">Ea poate fi citit\u0103 chiar dac\u0103 nu ai no\u0163iuni de economie sau de fiscalitate<\/span><\/em>. Cu toate acestea, pe parcursul c\u0103r\u0163ii, odat\u0103 cu acumularea de cuno\u015ftin\u0163e, vor fi prezentate\u00a0<strong>metode \u015fi tehnici de reducere a taxelor \u015fi impozitelor<\/strong>, care variaz\u0103 de la cele simple la cele complexe, dedicate firmelor sau investitorilor.<\/p>\n<p>Ea te ajut\u0103 cu exemple clare \u015fi recomand\u0103ri personalizate, dac\u0103:<\/p>\n<ul>\n<li>\n<p style=\"margin-bottom: 0in;\">ai venituri mici sau inexistente;<\/p>\n<\/li>\n<li>\n<p style=\"margin-bottom: 0in;\">e\u015fti angajat;<\/p>\n<\/li>\n<li>\n<p style=\"margin-bottom: 0in;\">e\u015fti liber profesionist (medic, notar, programator, arhitect etc.);<\/p>\n<\/li>\n<li>e\u015fti investitor la burs\u0103 sau investitor \u00een imobiliare.<\/li>\n<\/ul>\n<h3>TESTIMONIALE despre carte po\u021bi g\u0103si d\u00e2nd <a href=\"https:\/\/guerillafiscala.lucadezmir.com\/testimoniale.html\">click aici<\/a>.<\/h3>\n<p><span style=\"color: #fe6202;\">Cuprinsul c\u0103r\u0163ii<\/span><\/p>\n<p style=\"line-height: .22in;\"><strong><span style=\"color: #606060;\"><span style=\"font-family: Tahoma, Verdana, Arial, Helvetica, sans-serif;\"><span style=\"font-size: small;\">Prefa\u0163\u0103<\/span><\/span><\/span><\/strong><\/p>\n<p style=\"line-height: .22in;\"><strong><span style=\"color: #606060;\"><span style=\"font-family: Tahoma, Verdana, Arial, Helvetica, sans-serif;\"><span style=\"font-size: small;\">Introducere<\/span><\/span><\/span><\/strong><\/p>\n<p style=\"line-height: .21in;\"><span style=\"color: #993300;\"><span style=\"font-size: small;\"><strong>Partea introductiv\u0103<\/strong><\/span><\/span><\/p>\n<p>1. De ce \u201cguerilla fiscal\u0103\u201d?<\/p>\n<p>2. Istoria taxelor \u015fi impozitelor<\/p>\n<p>3. Aspecte morale legate de taxe \u015fi impozite<\/p>\n<p>4. Taxe \u015fi impozite: ce trebuie s\u0103 \u015ftii<\/p>\n<p style=\"line-height: .21in;\"><span style=\"color: #993300;\"><span style=\"font-size: small;\"><strong>Partea Int\u00e2i<\/strong><\/span><\/span><\/p>\n<p><em><span style=\"color: #fe6202;\">Metode de evaziune fiscal\u0103<\/span><\/em><\/p>\n<p>5. Considera\u0163ii generale asupra evaziunii fiscale<\/p>\n<p>6. Metode de evaziune fiscal\u0103<\/p>\n<p>7. Despre controlul fiscal \u00een scopul descoperirii evaziunii fiscale<\/p>\n<p style=\"line-height: .21in;\"><span style=\"color: #993300;\"><span style=\"font-size: small;\"><strong>Partea a Doua<\/strong><\/span><\/span><\/p>\n<p><em><span style=\"color: #fe6202;\">Metode de optimizare fiscal\u0103<\/span><\/em><\/p>\n<p>Metode directe de reducere a taxelor \u015fi impozitelor<\/p>\n<p>8. Cunoa\u015fterea legilor \u015fi consultan\u0163a fiscal\u0103<\/p>\n<p>9. Deduceri, scutiri \u015fi redirec\u0163ion\u0103ri de impozite<\/p>\n<p>10. Alege cu aten\u0163ie forma de organizare juridic\u0103<\/p>\n<p>11. \u00cenfiin\u0163eaz\u0103 o firm\u0103 offshore<\/p>\n<p>12. \u00cenregistreaz\u0103-\u0163i propriet\u0103\u0163ile \u00een jurisdic\u0163ii prietenoase<\/p>\n<p>13. Cheltuie \u00een jurisdic\u0163ii prietenoase<\/p>\n<p>14. Relocheaz\u0103-te \u00een jurisdic\u0163ii prietenoase<\/p>\n<p><span style=\"color: #fe6202;\">Metode indirecte de reducere a taxelor si impozitelor<\/span><\/p>\n<p><em><span style=\"color: #fe6202;\">Alternative la bani<\/span><\/em><\/p>\n<p>15. Barter, LETS \u015fi monede alternative<\/p>\n<p><em><span style=\"color: #fe6202;\">Reducerea amprentei fiscale<\/span><\/em><\/p>\n<p>16. Energii alternative, resurse locale, transporturi ecologice<\/p>\n<p>17. Economise\u015fte, produce<\/p>\n<p style=\"line-height: .21in;\"><span style=\"color: #993300;\"><span style=\"font-size: small;\"><strong>Partea a treia<\/strong><\/span><\/span><\/p>\n<p><em><span style=\"color: #fe6202;\">Guerilla fiscala personalizat\u0103<\/span><\/em><\/p>\n<p>18. Guerilla fiscal\u0103 pentru venituri mici<\/p>\n<p>19. Guerilla fiscal\u0103 pentru angaja\u0163i<\/p>\n<p>20. Guerilla fiscal\u0103 pentru liber profesioni\u015fti<\/p>\n<p>21. Guerilla fiscal\u0103 pentru \u00eentreprinz\u0103tori<\/p>\n<p>22. Guerilla fiscal\u0103 pentru investitori<\/p>\n<p style=\"line-height: .21in;\"><span style=\"color: #993300;\"><span style=\"font-size: small;\"><strong>Partea special\u0103<\/strong><\/span><\/span><\/p>\n<p><em><span style=\"color: #fe6202;\">Subiecte delicate<\/span><\/em><\/p>\n<p>23. Protec\u0163ia fiscal\u0103<\/p>\n<p>24. Greva fiscal\u0103<\/p>\n<p style=\"line-height: .22in;\"><strong><span style=\"color: #606060;\"><span style=\"font-family: Tahoma, Verdana, Arial, Helvetica, sans-serif;\"><span style=\"font-size: small;\">\u00cencheiere<\/span><\/span><\/span><\/strong><\/p>\n<p style=\"line-height: .22in;\"><strong><span style=\"color: #606060;\"><span style=\"font-family: Tahoma, Verdana, Arial, Helvetica, sans-serif;\"><span style=\"font-size: small;\">Postfa\u0163\u0103 sau&#8230; alt\u0103 Prefa\u0163\u0103<\/span><\/span><\/span><\/strong><\/p>\n<p style=\"line-height: .22in;\"><strong><span style=\"color: #606060;\"><span style=\"font-family: Tahoma, Verdana, Arial, Helvetica, sans-serif;\"><span style=\"font-size: small;\">Anexa 1<\/span><\/span><\/span><\/strong><\/p>\n<p style=\"line-height: .22in;\"><strong><span style=\"color: #606060;\"><span style=\"font-family: Tahoma, Verdana, Arial, Helvetica, sans-serif;\"><span style=\"font-size: small;\">Anexa 2<\/span><\/span><\/span><\/strong><\/p>\n","protected":false},"excerpt":{"rendered":"<p style=\"margin-bottom: 0in;\" align=\"center\"><strong><span style=\"color: #000000;\"><span style=\"font-family: Arial;\"><span style=\"font-size: medium;\"><span lang=\"it-it\" xml:lang=\"it-it\">CARTE \u00ceN FORMAT ELECTRONIC PDF<\/span><\/span><\/span><\/span><\/strong><\/p>\n<p><strong><span style=\"color: #ff0000;\"><span style=\"font-size: large;\">MANUAL DE GUERILL\u0102 FISCAL\u0102<\/span><\/span><\/strong><\/p>\n<p style=\"line-height: .22in;\"><strong><span style=\"color: #606060;\"><span style=\"font-family: Tahoma, Verdana, Arial, Helvetica, sans-serif;\"><span style=\"font-size: small;\">Cum s\u0103 pl\u0103te\u015fti c\u00e2t mai pu\u0163ine taxe \u015fi impozite folosind metode \u00een \u00eentregime legale<\/span><\/span><\/span><\/strong><strong><span style=\"font-family: Tahoma, Verdana, Arial, Helvetica, sans-serif;\"><span style=\"font-size: small;\">de Luca Dezmir<\/span><\/span><\/strong><\/p>\n","protected":false},"featured_media":58,"comment_status":"open","ping_status":"closed","template":"","meta":{"_mi_skip_tracking":false,"_exactmetrics_sitenote_active":false,"_exactmetrics_sitenote_note":"","_exactmetrics_sitenote_category":0},"product_cat":[29],"product_tag":[32,31,30],"acf":[],"_links":{"self":[{"href":"https:\/\/lucadezmir.com\/shop\/wp-json\/wp\/v2\/product\/52"}],"collection":[{"href":"https:\/\/lucadezmir.com\/shop\/wp-json\/wp\/v2\/product"}],"about":[{"href":"https:\/\/lucadezmir.com\/shop\/wp-json\/wp\/v2\/types\/product"}],"replies":[{"embeddable":true,"href":"https:\/\/lucadezmir.com\/shop\/wp-json\/wp\/v2\/comments?post=52"}],"wp:featuredmedia":[{"embeddable":true,"href":"https:\/\/lucadezmir.com\/shop\/wp-json\/wp\/v2\/media\/58"}],"wp:attachment":[{"href":"https:\/\/lucadezmir.com\/shop\/wp-json\/wp\/v2\/media?parent=52"}],"wp:term":[{"taxonomy":"product_cat","embeddable":true,"href":"https:\/\/lucadezmir.com\/shop\/wp-json\/wp\/v2\/product_cat?post=52"},{"taxonomy":"product_tag","embeddable":true,"href":"https:\/\/lucadezmir.com\/shop\/wp-json\/wp\/v2\/product_tag?post=52"}],"curies":[{"name":"wp","href":"https:\/\/api.w.org\/{rel}","templated":true}]}}