{"id":4413,"date":"2021-12-15T15:31:33","date_gmt":"2021-12-15T15:31:33","guid":{"rendered":"https:\/\/lucadezmir.com\/shop\/?post_type=product&#038;p=4413"},"modified":"2026-01-06T13:19:36","modified_gmt":"2026-01-06T13:19:36","slug":"program-de-mentorat-in-investitii-de-bitcoin-si-criptomonede-cu-luca-dezmir-abonament-lunar","status":"publish","type":"product","link":"https:\/\/lucadezmir.com\/shop\/produs\/program-de-mentorat-in-investitii-de-bitcoin-si-criptomonede-cu-luca-dezmir-abonament-lunar\/","title":{"rendered":"Program de mentorat \u00een investi\u021bii de Bitcoin \u0219i criptomonede,  cu Luca Dezmir &#8211; abonament lunar"},"content":{"rendered":"<h2>Cine este Luca?<\/h2>\n<p>Luca este investitor pe pie\u021bele financiar interna\u021bionale din 2003 \u0219i pe pia\u021ba criptomonedelor din 2017. Pentru mai multe detalii despre Luca, viziteaz\u0103 site-ul lucadezmir.com<\/p>\n<h2>Program mentorat &#8211; descriere<\/h2>\n<p>Programul de mentorat realizat de Luca Dezmir este destinat investitorilor \u00een criptomonede, care doresc s\u0103 beneficieze de experien\u021ba lui Luca, \u00een domeniul investi\u021biilor pe pie\u021bele financiare \u00een general \u0219i a pie\u021belor criptomonedelor \u00een special.<\/p>\n<h2>Ce con\u021bine programul de mentorat?<\/h2>\n<p>Programul de mentorat con\u021bine;<\/p>\n<p>&#8211; <strong>email zilnic<\/strong> cu indicatori ai pie\u021bei Bitcoin \u0219i altcoin &#8211; Crypto Signal Newsletter <span style=\"color: #ff0000;\">&#8211;\u00a0 este important ca la cump\u0103rarea abonamentului s\u0103 folose\u0219ti emailul pe care il folose\u0219ti zilnie \u0219i s\u0103 adaugi adresa noastr\u0103 pe lista de adrese sigure, \u00een contul t\u0103u de email<\/span><br \/>\n&#8211; <strong>inform\u0103ri s\u0103pt\u0103m\u00e2nale<\/strong> sub form\u0103 de \u00eent\u00e2lniri pe ZOOM<br \/>\n&#8211; <strong>asisten\u021b\u0103 nelimitat\u0103<\/strong> prin email<br \/>\n&#8211;<strong> acces preferen\u021bial<\/strong> la materiale de <strong>informare<\/strong> despre criptomonede (cursuri online)<br \/>\n&#8211;<strong> acces preferen\u021bial<\/strong> la sesiuni de <strong>consultan\u021b\u0103<\/strong> unu-la-unu cu Luca<\/p>\n<p><span style=\"color: #ff0000;\"><strong>Detaliile programului de mentorat<\/strong><\/span><\/p>\n<h3>I. email zilnic cu indicatori ai pie\u021bei Bitcoin \u0219i altcoin &#8211; Crypto Signal Newsletter<\/h3>\n<p>Acest email con\u021bine:<\/p>\n<p><strong>1. scorul Bitcoin TB Signal<\/strong><br \/>\nAcest scor arat\u0103 probabilitatea, \u00een procente, de a avea un v\u00e2rf de pia\u021b\u0103 la Bitcoin (&#8222;T&#8221; sau Top din &#8222;BT&#8221;) sau un minim de pia\u021b\u0103 (&#8222;B&#8221; sau Bottom din &#8222;BT&#8221;).<\/p>\n<p>Scorul Bitcoin TB Signal este realizat prin pozitivarea a 15 indicatori de blockchain sau de analiz\u0103 tehnic\u0103, care arat\u0103 dac\u0103 Bitcoin este la minim sau maxim de pia\u021b\u0103. Scorul indic\u0103 ce procent din ace\u0219ti indicatori s-au pozitivat.<\/p>\n<p>Scorul este livrat zilnic, pentru ziua anterioar\u0103 \u0219i este disponibil \u0219i sub forma unui grafic istoric al scorului.<\/p>\n<div id=\"attachment_37313\" style=\"width: 1010px\" class=\"wp-caption alignnone\"><img loading=\"lazy\" decoding=\"async\" aria-describedby=\"caption-attachment-37313\" class=\"wp-image-37313 size-full\" src=\"https:\/\/lucadezmir.com\/shop\/wp-content\/uploads\/2022\/01\/BTBS_grafic.png\" alt=\"Bitcoin TB Signal - exemplificare\" width=\"1000\" height=\"600\" srcset=\"https:\/\/lucadezmir.com\/shop\/wp-content\/uploads\/2022\/01\/BTBS_grafic.png 1000w, https:\/\/lucadezmir.com\/shop\/wp-content\/uploads\/2022\/01\/BTBS_grafic-300x180.png 300w, https:\/\/lucadezmir.com\/shop\/wp-content\/uploads\/2022\/01\/BTBS_grafic-768x461.png 768w, https:\/\/lucadezmir.com\/shop\/wp-content\/uploads\/2022\/01\/BTBS_grafic-600x360.png 600w\" sizes=\"(max-width: 1000px) 100vw, 1000px\" \/><p id=\"caption-attachment-37313\" class=\"wp-caption-text\">Bitcoin TB Signal &#8211; exemplificare<\/p><\/div>\n<p>Cum se folose\u0219te scorul?<\/p>\n<p>S\u0103 presupunem c\u0103 ne afl\u0103m \u00een zona de ciclu de pia\u021b\u0103 \u00een cre\u0219tere (bull market), care culmineaz\u0103 cu un maxim de pre\u021b la Bitcoin. \u00cen fieare zi vei primi un email cu scorul Bitcoin TB Signal, \u00een procente. Pe m\u0103sur\u0103 ce indicatorii care arat\u0103 maxim de ciclu de pia\u021b\u0103 la Bitcoin se pozitiveaz\u0103, scorul va cre\u0219te. C\u00e2nd se atinge zona mai larg\u0103 de pre\u021buri din apropierea v\u0103rfului de pia\u021b\u0103, scorul se va plafona, iar dup\u0103 ce s-a atins maximul de pia\u021b\u0103, scorul va \u00eencepe s\u0103 scad\u0103.<\/p>\n<p>Preciz\u0103ri importante:<br \/>\n&#8211; scorul Bitcoin TB Signal NU \u00ee\u021bi ofer\u0103 valoarea de maxim a pre\u021bului Bitcoin din acest ciclu<br \/>\n&#8211; scorul Bitcoin TB Signal NU \u00ee\u021bi spune \u00een timp real c\u00e2nd s-a atins maximul<br \/>\n&#8211; scorul Bitcoin TB Signal NU \u00ee\u021bi spune punctual \u00een ce zi s-a realizat maximul de pre\u021b al Bitcoin din acest ciclu<br \/>\n&#8211; scorul Bitcoin TB Signal \u00ee\u021bi spune prin evolu\u021bia lui (cre\u0219tere, plafonare \u0219i sc\u0103dere) c\u0103 s-a atins v\u00e2rtul de pia\u021b\u0103 \u00een acest ciclu<\/p>\n<p>Scorul poate fi folosit pentru a alege ie\u0219iri din pia\u021b\u0103:<\/p>\n<p>Semnal de ie\u0219ire 1. dup\u0103 ce scorul s-a plafonat, se a\u0219teapt\u0103 un moment optim \u0219i se vinde o parte din Bitcoin-ul de\u021binut<br \/>\nSemnal de ie\u0219ire 2. dup\u0103 ce scorul s-a plafonat \u0219i \u00eencepe s\u0103 scad\u0103, se vinde imediat restul de Bitcoin<br \/>\nSemnal de ie\u0219ire 3. dup\u0103 ce scorul s-a plafonat \u0219i a \u00eenceput s\u0103 scad\u0103 din nou, se a\u0219teapt\u0103 o corec\u021bie (cre\u0219tere a pre\u021bului BTC) \u0219i se iese pe aceast\u0103 corec\u021bie<\/p>\n<p><strong>2. Alerta de pre\u021b \u00een ultimele 24 de ore<\/strong><\/p>\n<p>Acest serviciu scaneaz\u0103 varia\u021bia de pre\u021b a primelor 500 de criptomonede, ca \u0219i capitalizare de pia\u021b\u0103 \u0219i \u00ee\u021bi ofer\u0103 lista cu criptomonedele care \u00een ultimele 24 de ore au avut o cre\u0219tere de pre\u021b de peste 10%, fa\u021b\u0103 de Bitcoin.<\/p>\n<p>Informa\u021biile sunt livrate sub form\u0103 de list\u0103 de criptomonede \u0219i cre\u0219terea procentual\u0103 realizat\u0103 \u00een ultimele 24 de ore \u0219i grafic istoric al num\u0103rului de criptomonede care au avut o cre\u0219tere mai mare de 10% pe zi.<\/p>\n<div id=\"attachment_37305\" style=\"width: 1117px\" class=\"wp-caption alignnone\"><img loading=\"lazy\" decoding=\"async\" aria-describedby=\"caption-attachment-37305\" class=\"wp-image-37305 size-full\" src=\"https:\/\/lucadezmir.com\/shop\/wp-content\/uploads\/2024\/04\/10suta_lista.jpg\" alt=\"Lista criptomonedelor care au crescut cu mai mult de 10% fa \u021b\u0103 de Bitcoin - exemplificare\" width=\"1107\" height=\"209\" srcset=\"https:\/\/lucadezmir.com\/shop\/wp-content\/uploads\/2024\/04\/10suta_lista.jpg 1107w, https:\/\/lucadezmir.com\/shop\/wp-content\/uploads\/2024\/04\/10suta_lista-300x57.jpg 300w, https:\/\/lucadezmir.com\/shop\/wp-content\/uploads\/2024\/04\/10suta_lista-1024x193.jpg 1024w, https:\/\/lucadezmir.com\/shop\/wp-content\/uploads\/2024\/04\/10suta_lista-768x145.jpg 768w, https:\/\/lucadezmir.com\/shop\/wp-content\/uploads\/2024\/04\/10suta_lista-600x113.jpg 600w\" sizes=\"(max-width: 1107px) 100vw, 1107px\" \/><p id=\"caption-attachment-37305\" class=\"wp-caption-text\">Lista criptomonedelor care au crescut cu mai mult de 10% fa \u021b\u0103 de Bitcoin &#8211; exemplificare<\/p><\/div>\n<div id=\"attachment_37304\" style=\"width: 1010px\" class=\"wp-caption alignnone\"><img loading=\"lazy\" decoding=\"async\" aria-describedby=\"caption-attachment-37304\" class=\"wp-image-37304 size-full\" src=\"https:\/\/lucadezmir.com\/shop\/wp-content\/uploads\/2024\/04\/10suta.png\" alt=\"Criptomonede cu cre\u0219tere de 10% \u00een ultimele 24 de ore\" width=\"1000\" height=\"600\" srcset=\"https:\/\/lucadezmir.com\/shop\/wp-content\/uploads\/2024\/04\/10suta.png 1000w, https:\/\/lucadezmir.com\/shop\/wp-content\/uploads\/2024\/04\/10suta-300x180.png 300w, https:\/\/lucadezmir.com\/shop\/wp-content\/uploads\/2024\/04\/10suta-768x461.png 768w, https:\/\/lucadezmir.com\/shop\/wp-content\/uploads\/2024\/04\/10suta-600x360.png 600w\" sizes=\"(max-width: 1000px) 100vw, 1000px\" \/><p id=\"caption-attachment-37304\" class=\"wp-caption-text\">Criptomonede cu cre\u0219tere de 10% \u00een ultimele 24 de ore<\/p><\/div>\n<p><em>Cum se folose\u0219te alerta?<\/em><\/p>\n<p>Acest serviciu este folosit \u00een timpul sezonului altcoin (alcoin season) pentru a determina rapid care criptomonede \u0219i-au \u00eenceput cre\u0219terea, pentru a investi \u00een ele<\/p>\n<p><strong>3. Alert\u0103 de pre\u021b \u00een ultimele 7 zile<\/strong><\/p>\n<p>Acest serviciu scaneaz\u0103 varia\u021bia de pre\u021b a primelor 500 de criptomonede, ca \u0219i capitalizare de pia\u021b\u0103 \u0219i \u00ee\u021bi ofer\u0103 lista cu criptomonedele care \u00een ultimele 7 au avut o cre\u0219tere de pre\u021b de peste 100%, fa\u021b\u0103 de Bitcoin.<\/p>\n<p>Informa\u021biile sunt livrate sub form\u0103 de list\u0103 de criptomonede \u0219i cre\u0219terea procentual\u0103 realizat\u0103 \u00een ultimele 7 zile \u0219i grafic istoric al num\u0103rului de criptomonede care au avut o cre\u0219tere mai mare de 100% \u00een ultima s\u0103pt\u0103m\u00e2n\u0103.<\/p>\n<div id=\"attachment_37307\" style=\"width: 885px\" class=\"wp-caption alignnone\"><img loading=\"lazy\" decoding=\"async\" aria-describedby=\"caption-attachment-37307\" class=\"wp-image-37307 size-full\" src=\"https:\/\/lucadezmir.com\/shop\/wp-content\/uploads\/2024\/04\/100suta_lista.jpg\" alt=\"Lista criptomonedelor care au crescut cu 100% la pre\u021b, fa\u021b\u0103 de Bitcoin, in ultimele 7 zile - exemplificare\" width=\"875\" height=\"183\" srcset=\"https:\/\/lucadezmir.com\/shop\/wp-content\/uploads\/2024\/04\/100suta_lista.jpg 875w, https:\/\/lucadezmir.com\/shop\/wp-content\/uploads\/2024\/04\/100suta_lista-300x63.jpg 300w, https:\/\/lucadezmir.com\/shop\/wp-content\/uploads\/2024\/04\/100suta_lista-768x161.jpg 768w, https:\/\/lucadezmir.com\/shop\/wp-content\/uploads\/2024\/04\/100suta_lista-600x125.jpg 600w\" sizes=\"(max-width: 875px) 100vw, 875px\" \/><p id=\"caption-attachment-37307\" class=\"wp-caption-text\">Lista criptomonedelor care au crescut cu 100% la pre\u021b, fa\u021b\u0103 de Bitcoin, in ultimele 7 zile &#8211; exemplificare<\/p><\/div>\n<div id=\"attachment_37306\" style=\"width: 1010px\" class=\"wp-caption alignnone\"><img loading=\"lazy\" decoding=\"async\" aria-describedby=\"caption-attachment-37306\" class=\"wp-image-37306 size-full\" src=\"https:\/\/lucadezmir.com\/shop\/wp-content\/uploads\/2024\/04\/100suta.png\" alt=\"Criptomonedele care au crescut cu 100% la pre\u021b, fa\u021b\u0103 de Bitcoin, in ultimele 7 zile\" width=\"1000\" height=\"600\" srcset=\"https:\/\/lucadezmir.com\/shop\/wp-content\/uploads\/2024\/04\/100suta.png 1000w, https:\/\/lucadezmir.com\/shop\/wp-content\/uploads\/2024\/04\/100suta-300x180.png 300w, https:\/\/lucadezmir.com\/shop\/wp-content\/uploads\/2024\/04\/100suta-768x461.png 768w, https:\/\/lucadezmir.com\/shop\/wp-content\/uploads\/2024\/04\/100suta-600x360.png 600w\" sizes=\"(max-width: 1000px) 100vw, 1000px\" \/><p id=\"caption-attachment-37306\" class=\"wp-caption-text\">Criptomonedele care au crescut cu 100% la pre\u021b, fa\u021b\u0103 de Bitcoin, in ultimele 7 zile<\/p><\/div>\n<p><em>Cum se folose\u0219te alerta?<\/em><\/p>\n<p>Acest serviciu este folosit \u00een timpul sezonului altcoin (altcoin season) pentru a determina rapid criptomonede se afl\u0103 \u00een proces sus\u021binut de cre\u0219tere, pentru a confirma c\u0103 aceast\u0103 criptomoned\u0103 se afl\u0103 \u00een perioada de cre\u0219tere accelerat\u0103 de pre\u021b.<\/p>\n<p><strong>4. Alert\u0103 de volum de tranzac\u021bionare \u00een ultimele 24 de ore<\/strong><\/p>\n<div id=\"attachment_37308\" style=\"width: 1010px\" class=\"wp-caption alignnone\"><img loading=\"lazy\" decoding=\"async\" aria-describedby=\"caption-attachment-37308\" class=\"wp-image-37308 size-full\" src=\"https:\/\/lucadezmir.com\/shop\/wp-content\/uploads\/2024\/04\/200volum.png\" alt=\"Criptomonedele care au avut cre\u0219teri de volum mai mari de 200% \u00een ultimele 24 de ore - exemplificare\" width=\"1000\" height=\"600\" srcset=\"https:\/\/lucadezmir.com\/shop\/wp-content\/uploads\/2024\/04\/200volum.png 1000w, https:\/\/lucadezmir.com\/shop\/wp-content\/uploads\/2024\/04\/200volum-300x180.png 300w, https:\/\/lucadezmir.com\/shop\/wp-content\/uploads\/2024\/04\/200volum-768x461.png 768w, https:\/\/lucadezmir.com\/shop\/wp-content\/uploads\/2024\/04\/200volum-600x360.png 600w\" sizes=\"(max-width: 1000px) 100vw, 1000px\" \/><p id=\"caption-attachment-37308\" class=\"wp-caption-text\">Criptomonedele care au avut cre\u0219teri de volum mai mari de 200% \u00een ultimele 24 de ore &#8211; exemplificare<\/p><\/div>\n<p>Acest serviciu scaneaz\u0103 varia\u021bia de volum a primelor 500 de criptomonede, ca \u0219i capitalizare de pia\u021b\u0103 \u0219i \u00ee\u021bi ofer\u0103 lista cu criptomonedele care \u00een ultimele 24 de ore au avut o cre\u0219tere de volum de peste 200%,<\/p>\n<p>Informa\u021biile sunt livrate sub form\u0103 de list\u0103 de criptomonede \u0219i cre\u0219terea procentual\u0103 de volum realizat\u0103 \u00een ultimele 24 de ore \u0219i grafic istoric al num\u0103rului de criptomonede care au avut o cre\u0219tere de volum mai mare de 200% \u00een ultima s\u0103pt\u0103m\u00e2n\u0103.<\/p>\n<p>&nbsp;<\/p>\n<p><em>Cum se folose\u0219te alerta?<\/em><\/p>\n<p>Acest serviciu este folosit \u00een timpul sezonului altcoin (altcoin season) pentru a determina rapid criptomonede care ar putea s\u0103 \u00eenceap\u0103 o cre\u0219tere accelerat\u0103. Cre\u0219terea de volum f\u0103r\u0103 cre\u0219tere de pre\u021b indic\u0103 o acumulare accelerat\u0103, care poate duce la o explozie a pre\u021bului. Este un indicator de alert\u0103 anticipat\u0103, pentru c\u0103 ne spune care altcoin ar putea s\u0103 creasc\u0103 \u00een pre\u021b, INAINTE ca aceast\u0103 cre\u0219tere s\u0103 se produc\u0103.<\/p>\n<p><em>Precizare important\u0103:<\/em><br \/>\n&#8211; alerta de volum poate s\u0103 NU fie urmat\u0103 de o cre\u0219tere exploziv\u0103 a pretului<\/p>\n<p>Newsletterul zilnic Crypto Signal Newsletter este \u00een continu\u0103 \u00eembun\u0103t\u0103\u021bire.<br \/>\n&#8211; se adaug\u0103 continuu noi indicatori de v\u0103rf \u0219i minim de pia\u021b\u0103 la scorul Bitcoin TB Signal<br \/>\n&#8211; se adaug\u0103 noi indicatori sau semnale<\/p>\n<p><em><strong>Lista de indicatori \u0219i semnale aflate \u00een lucru:<\/strong><\/em><br \/>\n&#8211; semnal de altcoin season<br \/>\n&#8211; dominanta Bitcoin &#8211; valoare zilnic\u0103 \u0219i grafic istoric<br \/>\n&#8211; fear and greed index la Bitcoin &#8211; valoare zilnic\u0103 \u0219i grafic istoric<br \/>\n&#8211; pretul bitcoin din ziua precedenta (maxim, minim si pret la finalul zilei)<\/p>\n<h3>II. inform\u0103ri s\u0103pt\u0103m\u00e2nale sub form\u0103 de \u00eent\u00e2lniri pe ZOOM<\/h3>\n<p>\u00cen fiecare Miercuri se face o \u00eent\u00e2lnire pe ZOOM, live, care va fi \u00eenregistrat\u0103. Ea va con\u021bine:<br \/>\n&#8211; cele mai importante \u0219tiri din lumea criptomonedelor<br \/>\n&#8211; analiza evolu\u021biei Bitcoin \u0219i Ether<br \/>\n&#8211; interpretarea semnalelor si indicatorilor din Crypto Signal Newsletter<br \/>\n&#8211; sesiune de Q&amp;A<\/p>\n<h3>III. asisten\u021ba nelimitat\u0103 prin email<\/h3>\n<p>Luca va r\u0103spunde la emailurile trimise de abona\u021bi, legate de probleme PUNCTUALE. Timpul de r\u0103spuns normal este 2-3 zile lucr\u0103toare.<br \/>\nOrice \u00eentrebare sau solicitare care necesit\u0103 explica\u021bii laborioase sau analize specializate, personalizate, se realizeaz\u0103 doar prin serviciul de consultan\u021b\u0103<\/p>\n<h3>IV. acces preferen\u021bial la sesiuni de consultan\u021b\u0103 unu-la-unu cu Luca<\/h3>\n<p>Dac\u0103 se pl\u0103te\u0219te abonamentul lunar, abonatul prime\u0219te reducere 40% la tariful de consultan\u021b\u0103 (tarif redus 90 EUR\/or\u0103) la plata lunar\u0103<\/p>\n<p>Dac\u0103 se pl\u0103te\u0219te abonamentul de mentorat \u00een<strong> avans pe un an<\/strong> (pentru abonamentul anual, <a href=\"https:\/\/lucadezmir.com\/shop\/produs\/program-de-mentorat-in-investitii-de-bitcoin-si-criptomonede-cu-luca-dezmir-abonament-anual\">click aici<\/a>), abonatul prime\u0219te o reducere de 60% la pre\u021bul de list\u0103 al consultan\u021bei (reducere de la 150 la 60 de euro pe or\u0103).<\/p>\n<h3>V. acces preferen\u021bial la materiale de informare despre criptomonede (cursuri online) &#8211; doar pentru plata anual\u0103 a abonamentului!<\/h3>\n<p>Dac\u0103 se pl\u0103te\u0219te abonamentul de mentorat \u00een avans pe un an (pentru abonamentul anual, <a href=\"https:\/\/lucadezmir.com\/shop\/produs\/program-de-mentorat-in-investitii-de-bitcoin-si-criptomonede-cu-luca-dezmir-abonament-anual\">click aici<\/a>), abonatul prime\u0219te GRATUIT acces la orice curs online va fi lansat de Luca, in perioada abonamentului.<\/p>\n<p>Dac\u0103 se pl\u0103te\u0219te abonamentul de mentorat \u00een avans pe un an (pentru abonamentul anual, <a href=\"https:\/\/lucadezmir.com\/shop\/produs\/program-de-mentorat-in-investitii-de-bitcoin-si-criptomonede-cu-luca-dezmir-abonament-anual\">click aici<\/a>), abonatul prime\u0219te GRATUIT cursurile online pe subiect de criptomonede, listate la lucadezmir.com\/shop<\/p>\n<h2>Pre\u021bul abonamentului lunar:<\/h2>\n<p><span style=\"color: #ff0000;\"><strong>15 Euro<\/strong><\/span> &#8211; p\u00e2n\u0103 c\u00e2nd pre\u021bul Bitcoin este sub 100.000 euro<\/p>\n<p><strong><span style=\"color: #ff0000;\">25 Euro<\/span><\/strong> &#8211; dac\u0103 pre\u021bu Bitcoin este peste 100.000 euro<\/p>\n<h2>Plata \u0219i continuarea sau \u00eentreruperea abon\u0103rii<\/h2>\n<p>Plata se face cu cardul (de credit sau de debit).<\/p>\n<p>La terminarea perioadei de abonare (o lun\u0103), <strong>abonamentul se re\u00eennoie\u0219te automat \u0219i se descarc\u0103 cardul\u00a0 cu care s-a f\u0103cut plata ini\u021bial\u0103.<\/strong><\/p>\n<h2>IMPORTANT! &#8211; \u00centruperea abon\u0103rii<\/h2>\n<p>Pentru a \u00eentrerupe abonamentul \u0219i plata automat\u0103, cu 2-3 zile \u00eenainte de finalizarea perioadei de abonare, se \u00eentrerupe manual abonamentul, din contul de client.<\/p>\n<p><span style=\"color: #ff0000;\"><strong>IMPORTANT!<\/strong><\/span><\/p>\n<p><span style=\"color: #ff0000;\"><strong>1. buletinul informativ (newsletterul), indicatorii (TB Signal, Altcoin Season Signal etc.) \u0219i \u00eent\u00e2lnirile pe Zoom din cadrul programului de mentorat sunt oferite cu scop educativ, informativ \u0219i NU trebuie considerate \u00eendemn la investi\u021bie sau a fi informa\u021bii pe baza c\u0103rora se pot lua decizii de investi\u021bie<\/strong><\/span><br \/>\n<span style=\"color: #ff0000;\"><strong>2. folosirea informa\u021biilor din buletinul informativ, a indicatorilor sau a informa\u021biilor, tehnicilor sau metodelor, furnizate \u00een \u00eent\u00e2lnirile cu clien\u021bii, pentru a lua decizii de investi\u021bie, pot duce la pierderi financiare<\/strong><\/span><br \/>\n<span style=\"color: #ff0000;\"><strong>3. autorul (autorii) buletinului informativ \u0219i al serviciului de furnizare a indicatorilor \u0219i a programului de mentorat \u00een general NU sunt r\u0103spunzatori de folosirea informa\u021biilor din buletin \u0219i a indicatorilor de c\u0103tre abonati, precum \u0219i a eventualelor pierderi, directe sau indirecte, care pot ap\u0103rea din aceasta folosire. Folosire acestora de c\u0103tre client se face pe proprie r\u0103spundere.<\/strong><\/span><br \/>\n<strong><span style=\"color: #ff0000;\">4. prin achizi\u021bionarea buletinului informativ \u0219i a serviciului de furnizare a indicatorilor, abonatul \u00een\u021belege \u0219i accept\u0103 afirma\u021biile de la punctele 1,2 si 3<\/span> <\/strong><\/p>\n<p>&nbsp;<\/p>\n","protected":false},"excerpt":{"rendered":"<p>Programul de mentorat con\u021bine;<\/p>\n<p>&#8211; <strong>email zilnic<\/strong> cu indicatori ai pie\u021bei Bitcoin \u0219i altcoin &#8211; Crypto Signal Newsletter<br \/>\n&#8211; <strong>inform\u0103ri s\u0103pt\u0103m\u00e2nale<\/strong> sub form\u0103 de \u00eent\u00e2lniri pe ZOOM<br \/>\n&#8211; <strong>asisten\u021b\u0103 nelimitat\u0103<\/strong> prin email<br \/>\n&#8211;<strong> acces preferen\u021bial<\/strong> la materiale de <strong>informare<\/strong> despre criptomonede (cursuri online)<br \/>\n&#8211;<strong> acces preferen\u021bial<\/strong> la sesiuni de <strong>consultan\u021b\u0103<\/strong> unu-la-unu cu Luca<\/p>\n","protected":false},"featured_media":37309,"comment_status":"closed","ping_status":"closed","template":"","meta":{"_mi_skip_tracking":false,"_exactmetrics_sitenote_active":false,"_exactmetrics_sitenote_note":"","_exactmetrics_sitenote_category":0},"product_cat":[300],"product_tag":[272,271,285,270],"acf":[],"_links":{"self":[{"href":"https:\/\/lucadezmir.com\/shop\/wp-json\/wp\/v2\/product\/4413"}],"collection":[{"href":"https:\/\/lucadezmir.com\/shop\/wp-json\/wp\/v2\/product"}],"about":[{"href":"https:\/\/lucadezmir.com\/shop\/wp-json\/wp\/v2\/types\/product"}],"replies":[{"embeddable":true,"href":"https:\/\/lucadezmir.com\/shop\/wp-json\/wp\/v2\/comments?post=4413"}],"wp:featuredmedia":[{"embeddable":true,"href":"https:\/\/lucadezmir.com\/shop\/wp-json\/wp\/v2\/media\/37309"}],"wp:attachment":[{"href":"https:\/\/lucadezmir.com\/shop\/wp-json\/wp\/v2\/media?parent=4413"}],"wp:term":[{"taxonomy":"product_cat","embeddable":true,"href":"https:\/\/lucadezmir.com\/shop\/wp-json\/wp\/v2\/product_cat?post=4413"},{"taxonomy":"product_tag","embeddable":true,"href":"https:\/\/lucadezmir.com\/shop\/wp-json\/wp\/v2\/product_tag?post=4413"}],"curies":[{"name":"wp","href":"https:\/\/api.w.org\/{rel}","templated":true}]}}