{"id":4249,"date":"2021-11-18T15:19:21","date_gmt":"2021-11-18T15:19:21","guid":{"rendered":"https:\/\/lucadezmir.com\/shop\/?post_type=product&#038;p=4249"},"modified":"2023-02-21T15:36:10","modified_gmt":"2023-02-21T15:36:10","slug":"crypto-profit-2021-inregistrarea-evenimentului","status":"publish","type":"product","link":"https:\/\/lucadezmir.com\/shop\/produs\/crypto-profit-2021-inregistrarea-evenimentului\/","title":{"rendered":"Crypto Profit 2021 &#8211; inregistrarea evenimentului"},"content":{"rendered":"<p><strong>Crypto Profit este primul eveniment din Rom\u00e2nia<\/strong>,<em> dedicat publicului larg<\/em>, av\u00e2nd ca scop informarea corect\u0103 \u0219i dob\u00e2ndirea unor abilit\u0103\u021bi practice, legate de de\u021binerea, managementul \u0219i investi\u021bia \u00een criptomonede.<\/p>\n<p class=\"western\"><b>Formatul evenimentului<\/b><\/p>\n<p class=\"western\">Evenimentul a avut loc loc online, pe ZOOM, \u0219i const\u0103 mai ales din workshop-uri scurte (30 de minute), completate cu 1-2 prezent\u0103ri generale \u0219i momente informative din partea actorilor pie\u021bei criptomonedelor din Rom\u00e2nia (exchange-uri de criptomonede, creatori de monede \u0219i servicii legate de domeniul criptomonedelor, etc.)<\/p>\n<h2><strong>Ce con\u021bine produsul?<\/strong><\/h2>\n<p>Materialele puse la dispozi\u0163ie de speakeri + \u00eenregistrarea video a evenimentului (acces lifetime) + acces lifetime pe grupul privat de FB + materiale bonus<\/p>\n<h3><span style=\"color: #ff0000;\"><strong>Toate materialele sunt disponibile pe platforma online leducativ.com<\/strong><\/span><\/h3>\n<p><b>Scopul<\/b><\/p>\n<p class=\"western\">Evenimentul are ca scopuri principale:<\/p>\n<ol>\n<li>\n<p class=\"western\">informarea publicului larg despre domeniul criptomonedelor \u0219i oportunit\u0103\u021bile care apar \u00een acest domeniu;<\/p>\n<\/li>\n<li>\n<p class=\"western\">dezvoltarea de c\u0103tre publicul larg a unor abilit\u0103\u021bi practice legate de cump\u0103rarea, de\u021binerea \u0219i tranzac\u021bionarea criptomonedelor;<\/p>\n<\/li>\n<li>\n<p class=\"western\">informarea legat\u0103 de metode de investi\u021bii \u00een criptomonede, accesibile publicului larg;<\/p>\n<\/li>\n<li>\n<p class=\"western\">cunoa\u0219terea de c\u0103tre publicul larg a activit\u0103\u021bilor firmelor rom\u00e2ne\u0219ti implicate \u00een zona criptomonedelor, care ofer\u0103 produse \u0219i servicii pentru publicul larg.<\/p>\n<\/li>\n<\/ol>\n<p class=\"western\"><b>Frecven\u021b\u0103, durata \u0219i programarea evenimentului<\/b><\/p>\n<p class=\"western\">Prima edi\u021bie a avut loc S\u00e2mb\u0103t\u0103, 11 decembrie 2021, pe ZOOM.<\/p>\n<p class=\"western\"><b>Programul evenimentului<\/b><\/p>\n<p class=\"western\">10.00 \u2013 10.10 \u2013 Deschiderea evenimentului<\/p>\n<p class=\"western\">10.10 \u2013 10.40 \u2013 Blockchain \u0219i criptomonede, explicate simplu \u0219i clar. \u2013 Luca Dezmir<\/p>\n<p class=\"western\">10.40 \u2013 10.50 \u2013 pauz\u0103<\/p>\n<p class=\"western\">10.50 \u2013 11.20 \u2013 Cum stochezi criptomonedele \u00een portofele de \u201ch\u00e2rtie\u201d si \u201cbrain wallet\u201d \u2013 Dan Sulica<\/p>\n<p class=\"western\">11.20 \u2013 11.50 \u2013 Sesiune de Q&amp;A \u2013 Luca Dezmir \u015fi Dan Sulica<\/p>\n<p class=\"western\">11.50 \u2013 12.00 \u2013 pauz\u0103<\/p>\n<p class=\"western\">12.00 \u2013 12.30 \u2013 De unde cumperi \u015fi cum vinzi \u00een siguran\u021b\u0103 criptomonede \u2013 Dan Sulica<\/p>\n<p class=\"western\">12.30 \u2013 13.00 \u2013 Cum s\u0103-\u021bi faci un cont la un exchange de criptomonede \u2013 (invitat special)<\/p>\n<p class=\"western\">13.00 \u2013 13.30 \u2013 Sesiune de Q&amp;A \u2013 Luca Dezmir \u015fi Dan Sulica.<\/p>\n<p class=\"western\"><b>13.30 \u2013 14.30 <\/b>\u2013 <b>pauz\u0103 de pr\u00e2nz<\/b><\/p>\n<p class=\"western\">14.30 \u2013 15.00 \u2013 Ciclurile pie\u021bei Bitcoin \u0219i cum po\u021bi profita de ele \u00ad\u2013 Luca Dezmir<\/p>\n<p class=\"western\">15.00 \u2013 15.30 \u2013 Care este cea mai simpl\u0103 metod\u0103 de a investi \u00een criptomonede \u2013 Dan Sulica<\/p>\n<p class=\"western\">15.30 \u2013 16.00 \u2013 Sesiune de Q&amp;A \u2013 Luca Dezmir \u015fi Dan Sulica<\/p>\n<p class=\"western\">16.00 \u2013 16.10 \u2013 pauz\u0103<\/p>\n<p class=\"western\">16.10 \u2013 16.40 \u2013 C\u0103r\u0163i de care ai nevoie pentru a \u00een\u021belege lumea criptomonedelor \u2013 (<span style=\"color: #000000;\"><span style=\"font-size: medium;\"><span lang=\"en-US\">Daniel \u0218es<\/span><\/span><\/span>)<\/p>\n<p class=\"western\">16.40 \u2013 17.10 \u2013 Rolul criptomonedelor intr-un portofoliu diversificat de investitii \u2013 Dan Sulica<\/p>\n<p class=\"western\">17.10 \u2013 17.20 \u2013 pauz\u0103<\/p>\n<p class=\"western\">17.20 \u2013 17.50 \u2013 prezentarea unui produs sau serviciu din domeniul criptomonedelor (invitat special)<\/p>\n<p class=\"western\">17.50 \u2013 18.20 \u2013 Sesiune de Q&amp;A \u2013 Luca Dezmir \u015fi Dan Sulica<\/p>\n<p class=\"western\">18.20 \u2013 18.30 \u2013 tombol\u0103 cu premii.<\/p>\n<p class=\"western\">Crypto Profit vine \u00een \u00eent\u00e2mpinarea utilizatorilor \u0219i micilor investitori \u00een criptomonede cu o palet\u0103 de prezent\u0103ri \u0219i workshopuri, \u00eentr-un moment important al ciclului de pia\u021b\u0103 al criptomonedelor, \u00een care interesul publicului cre\u0219te de la o s\u0103pt\u0103m\u00e2n\u0103 la alta.<\/p>\n","protected":false},"excerpt":{"rendered":"<p><strong>Crypto Profit este primul eveniment din Rom\u00e2nia<\/strong>,<em> dedicat publicului larg<\/em>, av\u00e2nd ca scop informarea corect\u0103 \u0219i dob\u00e2ndirea unor abilit\u0103\u021bi practice, legate de de\u021binerea, managementul \u0219i investi\u021bia \u00een criptomonede.<\/p>\n","protected":false},"featured_media":4370,"comment_status":"open","ping_status":"closed","template":"","meta":{"_mi_skip_tracking":false,"_exactmetrics_sitenote_active":false,"_exactmetrics_sitenote_note":"","_exactmetrics_sitenote_category":0},"product_cat":[280],"product_tag":[270,282],"acf":[],"_links":{"self":[{"href":"https:\/\/lucadezmir.com\/shop\/wp-json\/wp\/v2\/product\/4249"}],"collection":[{"href":"https:\/\/lucadezmir.com\/shop\/wp-json\/wp\/v2\/product"}],"about":[{"href":"https:\/\/lucadezmir.com\/shop\/wp-json\/wp\/v2\/types\/product"}],"replies":[{"embeddable":true,"href":"https:\/\/lucadezmir.com\/shop\/wp-json\/wp\/v2\/comments?post=4249"}],"wp:featuredmedia":[{"embeddable":true,"href":"https:\/\/lucadezmir.com\/shop\/wp-json\/wp\/v2\/media\/4370"}],"wp:attachment":[{"href":"https:\/\/lucadezmir.com\/shop\/wp-json\/wp\/v2\/media?parent=4249"}],"wp:term":[{"taxonomy":"product_cat","embeddable":true,"href":"https:\/\/lucadezmir.com\/shop\/wp-json\/wp\/v2\/product_cat?post=4249"},{"taxonomy":"product_tag","embeddable":true,"href":"https:\/\/lucadezmir.com\/shop\/wp-json\/wp\/v2\/product_tag?post=4249"}],"curies":[{"name":"wp","href":"https:\/\/api.w.org\/{rel}","templated":true}]}}