{"id":3907,"date":"2019-10-02T22:25:10","date_gmt":"2019-10-02T22:25:10","guid":{"rendered":"https:\/\/lucadezmir.com\/shop\/?post_type=product&#038;p=3907"},"modified":"2023-02-21T15:37:39","modified_gmt":"2023-02-21T15:37:39","slug":"pachet-mai-tare-ca-banca-carte-si-dvd","status":"publish","type":"product","link":"https:\/\/lucadezmir.com\/shop\/produs\/pachet-mai-tare-ca-banca-carte-si-dvd\/","title":{"rendered":"Pachet &#8222;Mai tare ca banca&#8221;- Carte si DVD"},"content":{"rendered":"<p>&nbsp;<\/p>\n<p>Cartea este construita in asa fel incat sa-ti furnizeze informatiile de care ai nevoie pentru a castiga \u201clupta\u201d cu banca.<\/p>\n<p><span class=\"Apple-style-span\" style=\"color: #fe6202; font-size: 18px; line-height: 28px;\">Informatii precise<\/span><\/p>\n<p>\u201c<strong>Mai tare ca banca<\/strong>\u201d este o<span style=\"color: #993300;\">\u00a0<strong>carte practica<\/strong><\/span>. Am scris aceasta carte incercand sa fiu cat mai\u00a0<strong>concis, mai direct si mai bogat in informatii practice.\u00a0<\/strong><\/p>\n<p>Toate<strong>\u00a0metodele si tehnicile<\/strong>\u00a0descrise in carte sunt<strong>\u00a0incercate de mine personal, in Romania.\u00a0<\/strong>Ele sunt luate din literatura de specialitate internationala,\u00a0<em>modificate si adaptate pentru arealul mioritic<\/em>. Acest lucru a fost necesar deoarece exista diferente de detaliu, care devin importante atunci cand traiesti in tara noastra.<\/p>\n<p><span style=\"font-size: 1.6em; letter-spacing: .01em;\"><span style=\"color: #fe6202;\">Limbaj simplu<\/span><\/span><\/p>\n<p><strong>\u00a0 Cartea este adresata publicului larg.<\/strong>\u00a0 Indiferent de nivelul de educatie pe care il ai \u00a0in domeniul finantelor personale,\u00a0<strong>vei putea sa citesti cu usurinta<\/strong>\u00a0si sper, cu placere, aceasta carte. Vei avea si capitole informative despre credite si sistemul bancar, dar scrise intr-un stil lejer si amuzant.<\/p>\n<p>In general, usurinta lecturii a fost unul din stalpii pe care am construit aceasta carte. Daca o vei citi usor, vei intelege mai repede si vei putea sa aplici mai eficient metodele prezentate.<\/p>\n<p><span style=\"font-size: 1.6em; letter-spacing: .01em;\"><span style=\"color: #fe6202;\">Plan de actiune<\/span><\/span><\/p>\n<p>Cartea este construita in<strong>\u00a017 pasi, usor de urmat<\/strong>, care sa-ti permita o relatie mai relaxata cu banca, atunci cand iti platesti ratele. Succesiunea pasilor este logica,\u00a0<strong>fiecare dintre ei creeaza bazele pentru ca pasii urmatori sa fie facuti fara efort<\/strong>.<\/p>\n<p>Acesti pasi te vor ajuta sa reduci povara creditelor. Mai mult, ei iti vor crea noi obisnuinte, care<strong><span style=\"color: #993300;\">\u00a0o sa-ti transforme pozitiv modul in care gestionezi banii.<\/span><\/strong>\u00a0Vei fi uimit de eficacitatea metodelor si de rezultatele, care apar in timp, ca urmare a folosirii planului de actiune!<\/p>\n<p><span style=\"font-size: 1.6em; letter-spacing: .01em;\"><span style=\"color: #fe6202;\">Exemple practice<\/span><\/span><\/p>\n<p>La final am scris in mod special\u00a0<strong>doua capitole intesate cu exemple practice<\/strong>, pentru ca tu sa intelegi metodele si tehnicile prezentate in carte.\u00a0<strong>Cifrele si cazurile vorbesc de la sine<\/strong>, iar tu vei putea sa schimbi datele exemplelor pentru a recunoaste situatia personala in care te afli.<\/p>\n<p><span class=\"Apple-style-span\" style=\"font-size: 15px; font-weight: bold; line-height: 40px; color: #993300;\">Cuprins<\/span><\/p>\n<p><span class=\"Apple-style-span\" style=\"color: #606060; font-family: Tahoma, Verdana, Arial, Helvetica, sans-serif; font-size: 14px; line-height: 21px;\"><strong>Introducere<\/strong><\/span><\/p>\n<p>Despre credite \u2013 scurt\u0103 istorie<\/p>\n<p>Despre credite \u2013 concepte de baz\u0103<\/p>\n<p><span class=\"Apple-style-span\" style=\"color: #606060; font-family: Tahoma, Verdana, Arial, Helvetica, sans-serif; font-size: 14px; line-height: 21px;\"><strong>17 pa\u015fi pentru o via\u0163\u0103 f\u0103r\u0103 datorii:<\/strong><\/span><\/p>\n<ul>\n<li>Recunoa\u015fte: ai o problem\u0103!<\/li>\n<li>Nu mai lua alte credite<\/li>\n<li>Urm\u0103re\u015fte cheltuielile \u015fi veniturile<\/li>\n<li>F\u0103-\u0163i un buget<\/li>\n<li>Scade cheltuielile<\/li>\n<li>Cre\u015fte veniturile<\/li>\n<li>Pl\u0103te\u015fte cu cash<\/li>\n<li>Porne\u015fte un fond de rezerv\u0103<\/li>\n<li>Negociaz\u0103 cu banca<\/li>\n<li>Alege o strategie de plat\u0103 \u015fi \u00eencepe aplicarea ei<\/li>\n<li>\u00cent\u0103re\u015fte-\u0163i disciplina financiar\u0103<\/li>\n<li>Implic\u0103 familia, rudele \u015fi prietenii<\/li>\n<li>Schimb\u0103-\u0163i atitudinea mental\u0103<\/li>\n<li>Puterea angajamentului<\/li>\n<li>Urm\u0103re\u015fte progresul t\u0103u<\/li>\n<li>\u00cenva\u0163\u0103 finan\u0163ele personale<\/li>\n<li>S\u0103rb\u0103tore\u015fte \u015fi \u00eencepe o nou\u0103 via\u0163\u0103!<\/li>\n<\/ul>\n<p><span class=\"Apple-style-span\" style=\"color: #606060; font-family: Tahoma, Verdana, Arial, Helvetica, sans-serif; font-size: 14px; line-height: 21px;\"><strong>Concluzie<\/strong><\/span><\/p>\n<p><span class=\"Apple-style-span\" style=\"color: #606060; font-family: Tahoma, Verdana, Arial, Helvetica, sans-serif; font-size: 14px; line-height: 21px;\"><strong>Bonusuri<\/strong><\/span><\/p>\n<ul>\n<li>Metode de consolidare a datoriei<\/li>\n<li>Exemple practicei<\/li>\n<\/ul>\n<p><strong>Mai multe informa\u0163ii<\/strong>\u00a0despre carte po\u0163i g\u0103si pe internet la\u00a0<a href=\"http:\/\/lucadezmir.com\/maitarecabanca\">aceasta adres\u0103 (click aici)<\/a>.<\/p>\n<p>&nbsp;<\/p>\n","protected":false},"excerpt":{"rendered":"<p>Ai probleme cu plata ratelor? Cartea prezint\u0103 o metod\u0103 simplu de urmat pentru a-\u0163i pl\u0103ti mai repede \u015fi mai u\u015for creditele la banc\u0103! Carte in format tiparit si DVD.<\/p>\n","protected":false},"featured_media":3906,"comment_status":"open","ping_status":"closed","template":"","meta":{"_mi_skip_tracking":false,"_exactmetrics_sitenote_active":false,"_exactmetrics_sitenote_note":"","_exactmetrics_sitenote_category":0},"product_cat":[221],"product_tag":[224,222,18,210,223],"acf":[],"_links":{"self":[{"href":"https:\/\/lucadezmir.com\/shop\/wp-json\/wp\/v2\/product\/3907"}],"collection":[{"href":"https:\/\/lucadezmir.com\/shop\/wp-json\/wp\/v2\/product"}],"about":[{"href":"https:\/\/lucadezmir.com\/shop\/wp-json\/wp\/v2\/types\/product"}],"replies":[{"embeddable":true,"href":"https:\/\/lucadezmir.com\/shop\/wp-json\/wp\/v2\/comments?post=3907"}],"wp:featuredmedia":[{"embeddable":true,"href":"https:\/\/lucadezmir.com\/shop\/wp-json\/wp\/v2\/media\/3906"}],"wp:attachment":[{"href":"https:\/\/lucadezmir.com\/shop\/wp-json\/wp\/v2\/media?parent=3907"}],"wp:term":[{"taxonomy":"product_cat","embeddable":true,"href":"https:\/\/lucadezmir.com\/shop\/wp-json\/wp\/v2\/product_cat?post=3907"},{"taxonomy":"product_tag","embeddable":true,"href":"https:\/\/lucadezmir.com\/shop\/wp-json\/wp\/v2\/product_tag?post=3907"}],"curies":[{"name":"wp","href":"https:\/\/api.w.org\/{rel}","templated":true}]}}