{"id":3820,"date":"2019-05-04T13:31:59","date_gmt":"2019-05-04T13:31:59","guid":{"rendered":"https:\/\/lucadezmir.com\/shop\/?post_type=product&#038;p=3820"},"modified":"2023-02-21T15:38:02","modified_gmt":"2023-02-21T15:38:02","slug":"curs-video-construirea-de-solarii-politunel","status":"publish","type":"product","link":"https:\/\/lucadezmir.com\/shop\/produs\/curs-video-construirea-de-solarii-politunel\/","title":{"rendered":"Curs video: construirea de solarii (politunel)"},"content":{"rendered":"<p>Cursul video este filmarea unui curs de construc\u021bie a unor solarii, pentru gr\u0103dina personal\u0103. Aceste solarii de mici dimensiuni sunt denumite tuneluri din polietilen\u0103 sau polituneluri. Politunelurile sunt folosite pentru extinderea perioadei de vegetatie a plantelor, prin sem\u0103nare extratimpurie (lunile februarie-martie, \u00een func\u021bie de vreme) \u0219i prelungirea perioadei de cre\u0219tere \u0219i recoltare (p\u00e2n\u0103 t\u00e2rziu \u00een iarn\u0103 la legumele \u0219i zarzavaturi rezistente la \u00eenghe\u021b).<\/p>\n<p>Cursul contine informa\u021bii despre:<\/p>\n<ul>\n<li>materialele necesare<\/li>\n<li>costuri de produc\u021bie<\/li>\n<li>exemplificarea detaliat\u0103 a metodei de construc\u021bie<\/li>\n<li>detalii despre pregatirea solului, tipul de plante cultivate etc.<\/li>\n<\/ul>\n<p>Durata cursului este de 1 or\u0103 \u0219i 43 de minute.<\/p>\n<p>Cursul este disponibil \u00eentr-un singur fi\u0219ier video, de 3,4 Gb. Cursul se descarc\u0103 \u0219i se vizualizeaz\u0103 pe computerul propriu. Ave\u021bi nevoie de o conexiune rapid\u0103 de internet. Durata aproximativ\u0103 a desc\u0103rc\u0103rii, folosind internet prin fibr\u0103 de sticl\u0103: 10-15 minute.<\/p>\n<p>Imagini din curs:<\/p>\n<div id='gallery-1' class='gallery galleryid-3820 gallery-columns-3 gallery-size-thumbnail'><dl class='gallery-item'>\n\t\t\t<dt class='gallery-icon landscape'>\n\t\t\t\t<a href='https:\/\/lucadezmir.com\/shop\/?attachment_id=3821'><img loading=\"lazy\" decoding=\"async\" width=\"150\" height=\"150\" src=\"https:\/\/lucadezmir.com\/shop\/wp-content\/uploads\/2019\/05\/01pt-150x150.png\" class=\"attachment-thumbnail size-thumbnail\" alt=\"\" srcset=\"https:\/\/lucadezmir.com\/shop\/wp-content\/uploads\/2019\/05\/01pt-150x150.png 150w, https:\/\/lucadezmir.com\/shop\/wp-content\/uploads\/2019\/05\/01pt-300x300.png 300w, https:\/\/lucadezmir.com\/shop\/wp-content\/uploads\/2019\/05\/01pt-200x200.png 200w\" sizes=\"(max-width: 150px) 100vw, 150px\" \/><\/a>\n\t\t\t<\/dt><\/dl><dl class='gallery-item'>\n\t\t\t<dt class='gallery-icon landscape'>\n\t\t\t\t<a href='https:\/\/lucadezmir.com\/shop\/?attachment_id=3822'><img loading=\"lazy\" decoding=\"async\" width=\"150\" height=\"150\" src=\"https:\/\/lucadezmir.com\/shop\/wp-content\/uploads\/2019\/05\/02pt-150x150.png\" class=\"attachment-thumbnail size-thumbnail\" alt=\"\" srcset=\"https:\/\/lucadezmir.com\/shop\/wp-content\/uploads\/2019\/05\/02pt-150x150.png 150w, https:\/\/lucadezmir.com\/shop\/wp-content\/uploads\/2019\/05\/02pt-300x300.png 300w, https:\/\/lucadezmir.com\/shop\/wp-content\/uploads\/2019\/05\/02pt-200x200.png 200w\" sizes=\"(max-width: 150px) 100vw, 150px\" \/><\/a>\n\t\t\t<\/dt><\/dl><dl class='gallery-item'>\n\t\t\t<dt class='gallery-icon landscape'>\n\t\t\t\t<a href='https:\/\/lucadezmir.com\/shop\/?attachment_id=3823'><img loading=\"lazy\" decoding=\"async\" width=\"150\" height=\"150\" src=\"https:\/\/lucadezmir.com\/shop\/wp-content\/uploads\/2019\/05\/03pt-150x150.png\" class=\"attachment-thumbnail size-thumbnail\" alt=\"\" srcset=\"https:\/\/lucadezmir.com\/shop\/wp-content\/uploads\/2019\/05\/03pt-150x150.png 150w, https:\/\/lucadezmir.com\/shop\/wp-content\/uploads\/2019\/05\/03pt-300x300.png 300w, https:\/\/lucadezmir.com\/shop\/wp-content\/uploads\/2019\/05\/03pt-200x200.png 200w\" sizes=\"(max-width: 150px) 100vw, 150px\" \/><\/a>\n\t\t\t<\/dt><\/dl><br style=\"clear: both\" \/><dl class='gallery-item'>\n\t\t\t<dt class='gallery-icon landscape'>\n\t\t\t\t<a href='https:\/\/lucadezmir.com\/shop\/?attachment_id=3824'><img loading=\"lazy\" decoding=\"async\" width=\"150\" height=\"150\" src=\"https:\/\/lucadezmir.com\/shop\/wp-content\/uploads\/2019\/05\/04pt-150x150.png\" class=\"attachment-thumbnail size-thumbnail\" alt=\"\" srcset=\"https:\/\/lucadezmir.com\/shop\/wp-content\/uploads\/2019\/05\/04pt-150x150.png 150w, https:\/\/lucadezmir.com\/shop\/wp-content\/uploads\/2019\/05\/04pt-300x300.png 300w, https:\/\/lucadezmir.com\/shop\/wp-content\/uploads\/2019\/05\/04pt-200x200.png 200w\" sizes=\"(max-width: 150px) 100vw, 150px\" \/><\/a>\n\t\t\t<\/dt><\/dl><dl class='gallery-item'>\n\t\t\t<dt class='gallery-icon landscape'>\n\t\t\t\t<a href='https:\/\/lucadezmir.com\/shop\/?attachment_id=3825'><img loading=\"lazy\" decoding=\"async\" width=\"150\" height=\"150\" src=\"https:\/\/lucadezmir.com\/shop\/wp-content\/uploads\/2019\/05\/05pt-150x150.png\" class=\"attachment-thumbnail size-thumbnail\" alt=\"\" srcset=\"https:\/\/lucadezmir.com\/shop\/wp-content\/uploads\/2019\/05\/05pt-150x150.png 150w, https:\/\/lucadezmir.com\/shop\/wp-content\/uploads\/2019\/05\/05pt-300x300.png 300w, https:\/\/lucadezmir.com\/shop\/wp-content\/uploads\/2019\/05\/05pt-200x200.png 200w\" sizes=\"(max-width: 150px) 100vw, 150px\" \/><\/a>\n\t\t\t<\/dt><\/dl><dl class='gallery-item'>\n\t\t\t<dt class='gallery-icon landscape'>\n\t\t\t\t<a href='https:\/\/lucadezmir.com\/shop\/?attachment_id=3826'><img loading=\"lazy\" decoding=\"async\" width=\"150\" height=\"150\" src=\"https:\/\/lucadezmir.com\/shop\/wp-content\/uploads\/2019\/05\/06pt-150x150.png\" class=\"attachment-thumbnail size-thumbnail\" alt=\"Curs video construc\u021bie de solarii (politunel)\" aria-describedby=\"gallery-1-3826\" srcset=\"https:\/\/lucadezmir.com\/shop\/wp-content\/uploads\/2019\/05\/06pt-150x150.png 150w, https:\/\/lucadezmir.com\/shop\/wp-content\/uploads\/2019\/05\/06pt-300x300.png 300w, https:\/\/lucadezmir.com\/shop\/wp-content\/uploads\/2019\/05\/06pt-200x200.png 200w\" sizes=\"(max-width: 150px) 100vw, 150px\" \/><\/a>\n\t\t\t<\/dt>\n\t\t\t\t<dd class='wp-caption-text gallery-caption' id='gallery-1-3826'>\n\t\t\t\tCurs video construc\u021bie de solarii (politunel)\n\t\t\t\t<\/dd><\/dl><br style=\"clear: both\" \/>\n\t\t<\/div>\n\n<p>Secven\u021b\u0103 din curs:<\/p>\n<div class=\"video-container\"><iframe loading=\"lazy\" title=\"Secven\u021b\u0103 din cursul video de construire a unui solar (politunel)\" width=\"1778\" height=\"1000\" src=\"https:\/\/www.youtube.com\/embed\/xALxYutSAzk?feature=oembed&#038;enablejsapi=1&#038;rel=0&#038;showinfo=0&#038;color=white\" frameborder=\"0\" allow=\"accelerometer; autoplay; clipboard-write; encrypted-media; gyroscope; picture-in-picture; web-share\" allowfullscreen><\/iframe><\/div>\n","protected":false},"excerpt":{"rendered":"<p>Cursul video este filmarea unui curs de construc\u021bie a unor solarii, pentru gr\u0103dina personal\u0103. Aceste solarii de mici dimensiuni sunt denumite tuneluri din polietilen\u0103 sau polituneluri. Politunelurile sunt folosite pentru extinderea perioadei de vegetatie a plantelor, prin sem\u0103nare extratimpurie (lunile februarie-martie, \u00een func\u021bie de vreme) \u0219i prelungirea perioadei de cre\u0219tere \u0219i recoltare (p\u00e2n\u0103 t\u00e2rziu \u00een iarn\u0103 la legumele \u0219i zarzavaturi rezistente la \u00eenghe\u021b).<\/p>\n","protected":false},"featured_media":3826,"comment_status":"open","ping_status":"closed","template":"","meta":{"_mi_skip_tracking":false,"_exactmetrics_sitenote_active":false,"_exactmetrics_sitenote_note":"","_exactmetrics_sitenote_category":0},"product_cat":[261,16],"product_tag":[266,265,267],"acf":[],"_links":{"self":[{"href":"https:\/\/lucadezmir.com\/shop\/wp-json\/wp\/v2\/product\/3820"}],"collection":[{"href":"https:\/\/lucadezmir.com\/shop\/wp-json\/wp\/v2\/product"}],"about":[{"href":"https:\/\/lucadezmir.com\/shop\/wp-json\/wp\/v2\/types\/product"}],"replies":[{"embeddable":true,"href":"https:\/\/lucadezmir.com\/shop\/wp-json\/wp\/v2\/comments?post=3820"}],"wp:featuredmedia":[{"embeddable":true,"href":"https:\/\/lucadezmir.com\/shop\/wp-json\/wp\/v2\/media\/3826"}],"wp:attachment":[{"href":"https:\/\/lucadezmir.com\/shop\/wp-json\/wp\/v2\/media?parent=3820"}],"wp:term":[{"taxonomy":"product_cat","embeddable":true,"href":"https:\/\/lucadezmir.com\/shop\/wp-json\/wp\/v2\/product_cat?post=3820"},{"taxonomy":"product_tag","embeddable":true,"href":"https:\/\/lucadezmir.com\/shop\/wp-json\/wp\/v2\/product_tag?post=3820"}],"curies":[{"name":"wp","href":"https:\/\/api.w.org\/{rel}","templated":true}]}}