{"id":37427,"date":"2024-12-12T09:04:11","date_gmt":"2024-12-12T09:04:11","guid":{"rendered":"https:\/\/lucadezmir.com\/shop\/?post_type=product&#038;p=37427"},"modified":"2024-12-14T11:42:47","modified_gmt":"2024-12-14T11:42:47","slug":"crypto-profit-bilet-silver-2025","status":"publish","type":"product","link":"https:\/\/lucadezmir.com\/shop\/produs\/crypto-profit-bilet-silver-2025\/","title":{"rendered":"Crypto Profit, bilet Silver- 2025"},"content":{"rendered":"<p>Crypto Profit 2025, un eveniment unic \u00een Rom\u00e2nia, destinat celor care vor s\u0103 fac\u0103 primii pa\u0219i \u00een lumea criptomonedelor.<br \/>\n\u015ei s\u0103 ob\u0163in\u0103 \u015fi profituri, cu aceast\u0103 ocazie.<\/p>\n<p><img loading=\"lazy\" decoding=\"async\" class=\"alignnone size-medium wp-image-18436\" src=\"https:\/\/lucadezmir.com\/shop\/wp-content\/uploads\/2022\/10\/cripto-profit-banner-inregistrari-300x141.jpg\" alt=\"\" width=\"300\" height=\"141\" srcset=\"https:\/\/lucadezmir.com\/shop\/wp-content\/uploads\/2022\/10\/cripto-profit-banner-inregistrari-300x141.jpg 300w, https:\/\/lucadezmir.com\/shop\/wp-content\/uploads\/2022\/10\/cripto-profit-banner-inregistrari-768x360.jpg 768w, https:\/\/lucadezmir.com\/shop\/wp-content\/uploads\/2022\/10\/cripto-profit-banner-inregistrari-600x282.jpg 600w, https:\/\/lucadezmir.com\/shop\/wp-content\/uploads\/2022\/10\/cripto-profit-banner-inregistrari.jpg 980w\" sizes=\"(max-width: 300px) 100vw, 300px\" \/><\/p>\n<p>Are loc in 18-19 ianuarie 2025, online, pe ZOOM.<\/p>\n<h2>Iat\u0103 ce vei primi pentru biletul SILVER:<\/h2>\n<ul class=\"list-ticket-benefits\">\n<li>acces la evenimentul online pe ZOOM, pe baza de link<\/li>\n<\/ul>\n<p>Vei avea parte de explica\u021bii clare, la obiect, care pot fi \u00een\u021belese de oricine. Cea mai mare parte a programului Crypto Profit este dedicat\u0103 workshopurilor, unde vei face, al\u0103turi de traineri, un portofel de Bitcoin \u0219i vei \u00eenv\u0103\u021ba cea mai simpl\u0103 \u0219i mai eficient\u0103 metod\u0103 de a investi \u00een Bitcoin, care are risc minim \u0219i aduce profituri FOARTE mari, dac\u0103 respec\u021bi pa\u0219ii ei.<br \/>\nVei pleca de la Crypto Profit 2025 cu abilit\u0103\u021bi pe care le po\u021bi aplica pentru a profita de oportunitatea pe care o tr\u0103im cu to\u021bii, \u00een aceast\u0103 perioad\u0103: intrarea criptomonedelor pas cu pas \u00een via\u0163a noastr\u0103, a tuturor.<\/p>\n<p>Particip\u0103 la aceast\u0103 edi\u021bie a Crypto Profit, care se va concentra pe subiectele legate de oportunit\u0103\u021bile din pia\u021ba criptomonedelor, \u00een momentul actual \u0219i pe tehnicile specifice care s\u0103 te ajute s\u0103 marchezi profitul \u00een criptomonede \u00een care ai investit deja. Descoper\u0103 strategii testate pentru a investi inteligent \u00een Bitcoin, Ethereum \u0219i alte criptomonede, indiferent dac\u0103 e\u0219ti la \u00eenceput de drum sau trebuie s\u0103 iei decizii esen\u021biale de exit.<\/p>\n<p>Iat\u0103 ce am preg\u0103tit pentru tine!<\/p>\n<h3>1. Se mai poate investi \u00een Bitcoin? Dar \u00een Ethereum sau alte criptomonede?<\/h3>\n<p>Mul\u021bi investitori ezit\u0103 s\u0103 intre pe pia\u021b\u0103, tem\u00e2ndu-se c\u0103 &#8222;e prea t\u00e2rziu&#8221;. Adev\u0103rul este c\u0103 fiecare ciclu al pie\u021bei criptomonedelor aduce oportunit\u0103\u021bi unice \u0219i doar cei care \u00een\u021beleg dinamica actual\u0103 a pie\u021bei pot beneficia de ele.<\/p>\n<p><strong>Ce vei \u00eenv\u0103\u021ba:<\/strong><\/p>\n<p>De ce Bitcoin continu\u0103 s\u0103 fie pilonul central al criptomonedelor, chiar \u0219i la pre\u021buri ridicate.<br \/>\nCum Ethereum \u00ee\u0219i c\u00e2\u0219tig\u0103 locul \u00een portofoliul oric\u0103rui investitor prin utilitatea sa vast\u0103 \u0219i locul de lider \u00een zona altcoins, av\u00e2nd a doua capitalizare, dup\u0103 Bitcoin.<br \/>\nCare sunt criptomonedele emergente ce pot genera randamente spectaculoase.<br \/>\n<strong>\ud83d\udd11 Beneficiu:<\/strong> Vei pleca de la eveniment cu o list\u0103 clar\u0103 de criterii pentru a identifica oportunit\u0103\u021bi sigure \u0219i profitabile.<\/p>\n<h3>2. Fluxurile de capital \u00een pia\u021ba criptomonedelor: De la Bitcoin la altcoins \u0219i \u00eenapoi<\/h3>\n<p>Pia\u021ba criptomonedelor este ca un r\u00e2u care curge continuu \u2013 capitalul se mi\u0219c\u0103 \u00eentre Bitcoin, Ethereum \u0219i altcoins. Valurile profitului sunt rostogolite \u00een noi grupe de criptomonede, \u00een func\u021bie de nara\u021biunile momentului \u0219i preferin\u021bele publicului. Investitorii experimenta\u021bi profit\u0103 de aceste fluxuri pentru a-\u0219i maximiza c\u00e2\u0219tigurile, iar tu vei \u00eenv\u0103\u021ba exact cum s\u0103 faci acela\u0219i lucru.<\/p>\n<p><strong>Ce vei \u00eenv\u0103\u021ba:<\/strong><\/p>\n<p>Cum s\u0103 recuno\u0219ti semnalele c\u00e2nd capitalul migreaz\u0103 de la Bitcoin la Ethereum \u0219i mai departe c\u0103tre altcoins. Grafice clare, date concrete, tehnici de analiz\u0103.<br \/>\nStrategii pentru a beneficia de ciclurile &#8222;Bitcoin dominance&#8221; \u0219i &#8222;altcoin season&#8221;.<br \/>\nTactici de rota\u021bie a capitalului pentru a-\u021bi optimiza portofoliul.<br \/>\n<strong>\ud83d\udd11 Beneficiu:<\/strong> Vei \u0219ti s\u0103 profi\u021bi de fiecare etap\u0103 a ciclurilor pie\u021bei, cresc\u00e2nd randamentul investi\u021biilor tale.<\/p>\n<h3>3. Avantajele investi\u021biei \u00een ETF-urile de Bitcoin<\/h3>\n<p>ETF-urile de Bitcoin reprezint\u0103 cea mai recent\u0103 inova\u021bie care face criptomonedele accesibile unui num\u0103r mai mare de investitori. Acestea deschid u\u0219a c\u0103tre oportunit\u0103\u021bi sigure \u0219i reglementate pentru cei care doresc s\u0103 beneficieze de cre\u0219terea criptomonedelor, f\u0103r\u0103 riscurile specifice cump\u0103r\u0103rii directe. Mai nou, se vorbe\u0219te tot mai insistent de apari\u021bie unor ETF-uri pe altcoins, care vor oferi o palet\u0103 \u0219i mai larg\u0103 de investi\u021bie pentru cei care sunt obi\u0219nui\u021bi cu intrumente de pia\u021b\u0103 reglementate.<\/p>\n<p><strong>Ce vei \u00eenv\u0103\u021ba:<\/strong><\/p>\n<p>Cum func\u021bioneaz\u0103 ETF-urile \u0219i de ce sunt o alegere excelent\u0103 pentru investitorii care vor siguran\u021b\u0103 \u0219i diversificare.<br \/>\nCare sunt ETF-uri de Bitcoin disponibile investitorului din spa\u021biul UE \u0219i care sunt brokerii prin care po\u021bi s\u0103 le accesezi.<br \/>\nCum s\u0103 folose\u0219ti ETF-urile pentru a echilibra riscurile din portofoliu \u0219i a crea o surs\u0103 de profit dinamic\u0103.<br \/>\n<strong>\ud83d\udd11 Beneficiu:<\/strong> Vei descoperi o metod\u0103 simpl\u0103 \u0219i eficient\u0103 de a te expune pie\u021bei criptomonedelor, f\u0103r\u0103 complexitatea tehnic\u0103 obi\u0219nuit\u0103.<\/p>\n<h3>4. Tehnici \u0219i metode de ie\u0219ire din investi\u021biile \u00een criptomonede<\/h3>\n<p>S\u0103 investe\u0219ti este doar jum\u0103tate din ecua\u021bie. S\u0103 \u0219tii c\u00e2nd \u0219i cum s\u0103 marchezi profitul este secretul succesului pe termen lung. La acest eveniment, vei \u00eenv\u0103\u021ba cum s\u0103 transformi c\u00e2\u0219tigurile poten\u021biale \u00een bani reali, f\u0103r\u0103 s\u0103 pierzi oportunit\u0103\u021bi viitoare. Mai mult, \u00ee\u021bi va prezenta metode de ie\u0219ire \u00een trepte, care au dou\u0103 mari avantaje: vor retrage suma investit\u0103, pentru a avea o investi\u021bie cu risc zero \u0219i vor securiza profitul, pentru a fi sigur c\u0103 ai beneficiat de fructele muncii tale de investitor.<\/p>\n<p><strong>Ce vei \u00eenv\u0103\u021ba:<\/strong><\/p>\n<p>Cele mai bune momente pentru a marca profitul, bazate pe ciclurile pie\u021bei.<br \/>\nTehnici de &#8222;profit taking&#8221; pentru Bitcoin, Ethereum \u0219i altcoins.<br \/>\n<strong>Cum s\u0103 reinveste\u0219ti inteligent pentru a-\u021bi cre\u0219te averea \u00een timp.<\/strong><br \/>\n<strong>\ud83d\udd11 Beneficiu:<\/strong> Vei evita gre\u0219elile comune ale investitorilor \u00eencep\u0103tori \u0219i vei ie\u0219i \u00een avantaj, indiferent de fluctua\u021biile pie\u021bei.<\/p>\n<p>De ce s\u0103 participi la acest eveniment?<\/p>\n<h2>Alte subiecte la Crypto Profit 2025<\/h2>\n<div class=\"program-description\">\n<ul>\n<li class=\"session\">Blockchain \u0219i criptomonede, explicate simplu \u0219i clar<\/li>\n<li class=\"session\">Cum pastrezi Bitcoin \u00een portofele de \u201ch\u00e2rtie\u201d si \u201cbrain wallet\u201d\n<div class=\"session\"><\/div>\n<\/li>\n<li class=\"session\">\n<div class=\"session\">Cum iti faci un portofel pentru Ethereum<\/div>\n<\/li>\n<li class=\"session\">\n<div class=\"session\">De unde cumperi \u015fi cum vinzi \u00een siguran\u021b\u0103 criptomonede<\/div>\n<\/li>\n<li class=\"session\">\n<div class=\"session\">Cum s\u0103-\u021bi faci un cont la un exchange de criptomonede<\/div>\n<\/li>\n<li class=\"session\">\n<div class=\"session\">Cea mai simpla metoda de a investi in criptomonede<\/div>\n<\/li>\n<\/ul>\n<\/div>\n<p>Particip\u00e2nd la acest eveniment:<\/p>\n<p><strong>Economise\u0219ti timp<\/strong> \u2013 prime\u0219ti informa\u021bii esen\u021biale filtrate \u0219i explicate simplu.<br \/>\n<strong>Reduci riscurile<\/strong> \u2013 \u00eenve\u021bi s\u0103 evi\u021bi deciziile gre\u0219ite care \u00ee\u021bi pot afecta c\u00e2\u0219tigurile.<br \/>\n<strong>Cre\u0219ti \u0219ansele de succes<\/strong> \u2013 ob\u021bii strategii clare \u0219i aplicabile imediat.<br \/>\n<strong>O oportunitate unic\u0103:<\/strong> Acest eveniment este conceput special pentru investitorii \u00eencep\u0103tori \u0219i cei care se afl\u0103 la prima decizie de marcare a profitului. Locurile sunt limitate pentru a oferi o experien\u021b\u0103 interactiv\u0103 \u0219i personalizat\u0103.<\/p>\n<p>Nu rata \u0219ansa de a deveni un investitor mai inteligent!<br \/>\n\u2714 <strong>Locuri limitate.<\/strong> Rezerv\u0103-\u021bi acum biletul \u0219i intr\u0103 \u00een lumea investi\u021biilor \u00een criptomonede, cu un avantaj clar.<br \/>\n\u2714 <strong>Early bird:<\/strong> Beneficiaz\u0103 de reducerea special\u0103 p\u00e2n\u0103 la [data limit\u0103].<br \/>\n\u2714<strong> Garan\u021bia noastr\u0103:<\/strong> Dac\u0103 nu sim\u021bi c\u0103 ai \u00eenv\u0103\u021bat ceva valoros, prime\u0219ti banii \u00eenapoi.<\/p>\n<p>\ud83d\ude80 <strong>Ac\u021bioneaz\u0103 acum!<\/strong> Viitorul t\u0103u \u00een lumea criptomonedelor trebuie s\u0103 \u00eenceap\u0103 cu dreptul! Rezerv\u0103-\u021bi locul ast\u0103zi!<\/p>\n","protected":false},"excerpt":{"rendered":"<p>Crypto Profit 2025, un eveniment unic \u00een Rom\u00e2nia, destinat celor care vor s\u0103 fac\u0103 primii pa\u0219i \u00een lumea criptomonedelor.<br \/>\n\u015ei s\u0103 ob\u0163in\u0103 \u015fi profituri, cu aceast\u0103 ocazie.<\/p>\n<p><img loading=\"lazy\" decoding=\"async\" class=\"alignnone size-medium wp-image-18436\" src=\"https:\/\/lucadezmir.com\/shop\/wp-content\/uploads\/2022\/10\/cripto-profit-banner-inregistrari-300x141.jpg\" alt=\"\" width=\"300\" height=\"141\" srcset=\"https:\/\/lucadezmir.com\/shop\/wp-content\/uploads\/2022\/10\/cripto-profit-banner-inregistrari-300x141.jpg 300w, https:\/\/lucadezmir.com\/shop\/wp-content\/uploads\/2022\/10\/cripto-profit-banner-inregistrari-768x360.jpg 768w, https:\/\/lucadezmir.com\/shop\/wp-content\/uploads\/2022\/10\/cripto-profit-banner-inregistrari-600x282.jpg 600w, https:\/\/lucadezmir.com\/shop\/wp-content\/uploads\/2022\/10\/cripto-profit-banner-inregistrari.jpg 980w\" sizes=\"(max-width: 300px) 100vw, 300px\" \/><\/p>\n<p>Are loc in 18-19 ianuarie 2025, online, pe ZOOM.<\/p>\n","protected":false},"featured_media":18437,"comment_status":"open","ping_status":"closed","template":"","meta":{"_mi_skip_tracking":false,"_exactmetrics_sitenote_active":false,"_exactmetrics_sitenote_note":"","_exactmetrics_sitenote_category":0},"product_cat":[280],"product_tag":[302],"acf":[],"_links":{"self":[{"href":"https:\/\/lucadezmir.com\/shop\/wp-json\/wp\/v2\/product\/37427"}],"collection":[{"href":"https:\/\/lucadezmir.com\/shop\/wp-json\/wp\/v2\/product"}],"about":[{"href":"https:\/\/lucadezmir.com\/shop\/wp-json\/wp\/v2\/types\/product"}],"replies":[{"embeddable":true,"href":"https:\/\/lucadezmir.com\/shop\/wp-json\/wp\/v2\/comments?post=37427"}],"wp:featuredmedia":[{"embeddable":true,"href":"https:\/\/lucadezmir.com\/shop\/wp-json\/wp\/v2\/media\/18437"}],"wp:attachment":[{"href":"https:\/\/lucadezmir.com\/shop\/wp-json\/wp\/v2\/media?parent=37427"}],"wp:term":[{"taxonomy":"product_cat","embeddable":true,"href":"https:\/\/lucadezmir.com\/shop\/wp-json\/wp\/v2\/product_cat?post=37427"},{"taxonomy":"product_tag","embeddable":true,"href":"https:\/\/lucadezmir.com\/shop\/wp-json\/wp\/v2\/product_tag?post=37427"}],"curies":[{"name":"wp","href":"https:\/\/api.w.org\/{rel}","templated":true}]}}