{"id":3661,"date":"2018-12-15T00:04:17","date_gmt":"2018-12-15T00:04:17","guid":{"rendered":"https:\/\/lucadezmir.com\/shop-beta\/?post_type=product&#038;p=3661"},"modified":"2023-02-21T15:48:59","modified_gmt":"2023-02-21T15:48:59","slug":"iesi-din-labirint-editia-a-ii-a-carte-electronica","status":"publish","type":"product","link":"https:\/\/lucadezmir.com\/shop\/produs\/iesi-din-labirint-editia-a-ii-a-carte-electronica\/","title":{"rendered":"&#8222;Ie\u015fi din labirint&#8221;, editia a II-a- carte electronica"},"content":{"rendered":"<p>O carte despre cum s\u0103-\u0163i g\u0103se\u015fti\u00a0<strong>independe\u0163a financiar\u0103<\/strong>, folosind principiile finan\u0163elor personale \u015fi investi\u0163iile. Prezint\u0103 experien\u0163a personal\u0103 a autorului, \u00een Rom\u00e2nia.\u00a0<strong>Editia a doua contine corecturi si adaugiri la prima editie.<\/strong><\/p>\n<p><strong><span style=\"font-size: 12pt; color: #ff0000;\">Carte in format electronic (PDF).<\/span><\/strong><\/p>\n<p><span style=\"color: #fe6202;\"><strong>Detalii<\/strong><\/span><\/p>\n<p><span style=\"color: #fe6202;\"><strong>Format electronic:<\/strong><\/span>\u00a0PDF<\/p>\n<p><span style=\"color: #fe6202;\"><strong>ISBN:<\/strong><\/span>\u00a0978-973-631-597-8<\/p>\n<p><span style=\"color: #fe6202;\"><strong>Num\u0103r de pagini:<\/strong><\/span>\u00a0338<\/p>\n<p><span style=\"color: #fe6202;\"><strong>Mai multe detalii<\/strong>\u00a0<\/span>despre con\u0163inutul c\u0103r\u0163ii sunt disponibile la aceast\u0103\u00a0<strong><em>pagin\u0103 de internet (<a href=\"http:\/\/iesidinlabirint.ro\/\">click aici<\/a>)<\/em><\/strong>.<\/p>\n<p><span style=\"color: #fe6202;\"><strong>Po\u0163i primi prin email, GRATUIT<\/strong><\/span>, primele capitole din carte, dac\u0103 accesezi\u00a0<strong><a href=\"http:\/\/milionarulmioritic.com\/citeste-gratuit-capitolele-introductive-din-iesi-din-labirint\/\">aceasta pagin\u0103<\/a><\/strong>.<\/p>\n","protected":false},"excerpt":{"rendered":"<p>O carte despre cum s\u0103-\u0163i g\u0103se\u015fti\u00a0<strong>independe\u0163a financiar\u0103<\/strong>, folosind principiile finan\u0163elor personale \u015fi investi\u0163iile. Prezint\u0103 experien\u0163a personal\u0103 a autorului, \u00een Rom\u00e2nia.<\/p>\n<p><strong><span style=\"font-size: 12pt; color: #ff0000;\">Carte in format electronic (PDF).<\/span><\/strong><\/p>\n","protected":false},"featured_media":3663,"comment_status":"open","ping_status":"closed","template":"","meta":{"_mi_skip_tracking":false,"_exactmetrics_sitenote_active":false,"_exactmetrics_sitenote_note":"","_exactmetrics_sitenote_category":0},"product_cat":[29],"product_tag":[209,212,210,211],"acf":[],"_links":{"self":[{"href":"https:\/\/lucadezmir.com\/shop\/wp-json\/wp\/v2\/product\/3661"}],"collection":[{"href":"https:\/\/lucadezmir.com\/shop\/wp-json\/wp\/v2\/product"}],"about":[{"href":"https:\/\/lucadezmir.com\/shop\/wp-json\/wp\/v2\/types\/product"}],"replies":[{"embeddable":true,"href":"https:\/\/lucadezmir.com\/shop\/wp-json\/wp\/v2\/comments?post=3661"}],"wp:featuredmedia":[{"embeddable":true,"href":"https:\/\/lucadezmir.com\/shop\/wp-json\/wp\/v2\/media\/3663"}],"wp:attachment":[{"href":"https:\/\/lucadezmir.com\/shop\/wp-json\/wp\/v2\/media?parent=3661"}],"wp:term":[{"taxonomy":"product_cat","embeddable":true,"href":"https:\/\/lucadezmir.com\/shop\/wp-json\/wp\/v2\/product_cat?post=3661"},{"taxonomy":"product_tag","embeddable":true,"href":"https:\/\/lucadezmir.com\/shop\/wp-json\/wp\/v2\/product_tag?post=3661"}],"curies":[{"name":"wp","href":"https:\/\/api.w.org\/{rel}","templated":true}]}}