{"id":3653,"date":"2018-12-14T23:51:16","date_gmt":"2018-12-14T23:51:16","guid":{"rendered":"https:\/\/lucadezmir.com\/shop-beta\/?post_type=product&#038;p=3653"},"modified":"2023-02-21T15:47:59","modified_gmt":"2023-02-21T15:47:59","slug":"pachetul-manual-de-guerilla-fiscala","status":"publish","type":"product","link":"https:\/\/lucadezmir.com\/shop\/produs\/pachetul-manual-de-guerilla-fiscala\/","title":{"rendered":"Pachetul &#8222;Manual de guerill\u0103 fiscal\u0103&#8221;"},"content":{"rendered":"<p><span class=\"Apple-style-span\" style=\"color: #606060; font-family: Tahoma, Verdana, Arial, Helvetica, sans-serif; font-size: 14px; line-height: 21px;\"><strong>Pachetul<\/strong><\/span><\/p>\n<p><span style=\"color: #ff0000; font-size: 14pt;\"><strong>MANUAL DE GUERILL\u0102 FISCAL\u0102<\/strong><\/span><\/p>\n<p><span class=\"Apple-style-span\" style=\"color: #606060; font-family: Tahoma, Verdana, Arial, Helvetica, sans-serif; font-size: 14px; line-height: 21px;\"><strong>Cum s\u0103 pl\u0103te\u015fti c\u00e2t mai pu\u0163ine taxe \u015fi impozite folosind metode \u00een \u00eentregime legale<\/strong><\/span><span class=\"Apple-style-span\" style=\"font-family: Tahoma, Verdana, Arial, Helvetica, sans-serif; font-size: 12px; line-height: 21px;\"><strong>\u00a0de Luca Dezmir<\/strong><\/span><\/p>\n<p><span class=\"Apple-style-span\" style=\"color: #993300; font-family: Tahoma, Verdana, Arial, Helvetica, sans-serif; font-size: 16px; line-height: 21px;\"><strong>\u00a0Con\u0163ine:<\/strong><\/span><\/p>\n<ul>\n<li>ebook-ul\u00a0<strong><em>Manual de guerill\u0103 fiscal\u0103;<\/em><\/strong><\/li>\n<li>cartea tip\u0103rit\u0103\u00a0<strong><em>Manual de guerill\u0103 fiscal\u0103<\/em><\/strong>.<\/li>\n<\/ul>\n<p><span style=\"font-size: 1.6em; letter-spacing: .01em;\"><span style=\"color: #fe6202;\">Cu ce te ajut\u0103 cartea<\/span><\/span><\/p>\n<p>Aceast\u0103 carte este rodul a aproape trei ani de<strong>\u00a0studii intense<\/strong>, legate de fiscalitate \u00een general \u015fi de codul fiscal rom\u00e2nesc \u00een special.<\/p>\n<p><strong>Cartea te ajut\u0103 s\u0103 \u00een\u0163elegi:<\/strong><\/p>\n<ul>\n<li>fenomenul fiscalit\u0103\u0163ii;<\/li>\n<li>&#8222;cum g\u00e2nde\u015fte&#8221; statul, atunci c\u00e2nd te impoziteaz\u0103;<\/li>\n<li>care sunt componentele fiscalit\u0103\u0163ii;<\/li>\n<li>care sunt principiile dup\u0103 care s\u0103 te ghidezi atunci c\u00e2nd vrei s\u0103-\u0163i reduci \u00een mod legal valoarea taxelor \u015fi impozitelor pe care le pl\u0103te\u015fti la stat.<\/li>\n<\/ul>\n<p><span class=\"Apple-style-span\" style=\"font-size: 12px; font-weight: bold; line-height: 20px; color: #993300;\"><strong>\u00a0 Cartea este pres\u0103rat\u0103 cu exemple de metode prin care s\u0103 po\u0163i s\u0103-\u0163i reduci taxele \u015fi impozitele pe care le pl\u0103te\u015fti, indiferent dac\u0103 e\u015fti angajat, liber profesionist, patron sau investitor.<\/strong><\/span><\/p>\n<p><span style=\"font-size: 1.6em; letter-spacing: .01em;\"><span style=\"color: #fe6202;\">Cui \u00eei este dedicat\u0103 cartea<\/span><\/span><\/p>\n<p><strong>Cartea este scris\u0103 \u00eentr-un limbaj clar<\/strong>, accesibil unui public larg.\u00a0<span style=\"color: #993300;\"><em>Ea poate fi citit\u0103 chiar dac\u0103 nu ai no\u0163iuni de economie sau de fiscalitate<\/em><\/span>. Cu toate acestea, pe parcursul c\u0103r\u0163ii, odat\u0103 cu acumularea de cuno\u015ftin\u0163e, vor fi prezentate\u00a0<strong>metode \u015fi tehnici de reducere a taxelor \u015fi impozitelor<\/strong>, care variaz\u0103 de la cele simple la cele complexe, dedicate firmelor sau investitorilor.<\/p>\n<p>Ea te ajut\u0103 cu exemple clare \u015fi recomand\u0103ri personalizate, dac\u0103:<\/p>\n<ul>\n<li>ai venituri mici sau inexistente;<\/li>\n<li>e\u015fti angajat;<\/li>\n<li>e\u015fti liber profesionist (medic, notar, programator, arhitect etc.);<\/li>\n<li>e\u015fti investitor la burs\u0103 sau investitor \u00een imobiliare.<\/li>\n<\/ul>\n<p><span style=\"font-size: 1.6em; letter-spacing: .01em;\"><span style=\"color: #fe6202;\">Cuprinsul c\u0103r\u0163ii<\/span><\/span><\/p>\n<p><span class=\"Apple-style-span\" style=\"color: #606060; font-family: Tahoma, Verdana, Arial, Helvetica, sans-serif; font-size: 14px; line-height: 21px;\"><strong>Prefa\u0163\u0103<\/strong><\/span><\/p>\n<p><span class=\"Apple-style-span\" style=\"color: #606060; font-family: Tahoma, Verdana, Arial, Helvetica, sans-serif; font-size: 14px; line-height: 21px;\"><strong>Introducere<\/strong><\/span><\/p>\n<p><span class=\"Apple-style-span\" style=\"font-size: 12px; font-weight: bold; line-height: 20px; color: #993300;\">Partea introductiv\u0103<\/span><\/p>\n<p>1. De ce \u201cguerilla fiscal\u0103\u201d?<\/p>\n<p>2. Istoria taxelor \u015fi impozitelor<\/p>\n<p>3. Aspecte morale legate de taxe \u015fi impozite<\/p>\n<p>4. Taxe \u015fi impozite: ce trebuie s\u0103 \u015ftii<\/p>\n<p><span class=\"Apple-style-span\" style=\"font-size: 12px; font-weight: bold; line-height: 20px; color: #993300;\">Partea Int\u00e2i<\/span><\/p>\n<p><span style=\"color: #fe6202;\"><strong><em>Metode de evaziune fiscal\u0103<\/em><\/strong><\/span><\/p>\n<p>5. Considera\u0163ii generale asupra evaziunii fiscale<\/p>\n<p>6. Metode de evaziune fiscal\u0103<\/p>\n<p>7. Despre controlul fiscal \u00een scopul descoperirii evaziunii fiscale<\/p>\n<p><span class=\"Apple-style-span\" style=\"font-size: 12px; font-weight: bold; line-height: 20px; color: #993300;\">Partea a Doua<\/span><\/p>\n<p><span style=\"color: #fe6202;\"><strong><em>Metode de optimizare fiscal\u0103<\/em><\/strong><\/span><\/p>\n<p>Metode directe de reducere a taxelor \u015fi impozitelor<\/p>\n<p>8. Cunoa\u015fterea legilor \u015fi consultan\u0163a fiscal\u0103<\/p>\n<p>9. Deduceri, scutiri \u015fi redirec\u0163ion\u0103ri de impozite<\/p>\n<p>10. Alege cu aten\u0163ie forma de organizare juridic\u0103<\/p>\n<p>11. \u00cenfiin\u0163eaz\u0103 o firm\u0103 offshore<\/p>\n<p>12. \u00cenregistreaz\u0103-\u0163i propriet\u0103\u0163ile \u00een jurisdic\u0163ii prietenoase<\/p>\n<p>13. Cheltuie \u00een jurisdic\u0163ii prietenoase<\/p>\n<p>14. Relocheaz\u0103-te \u00een jurisdic\u0163ii prietenoase<\/p>\n<p><span style=\"color: #fe6202;\">Metode indirecte de reducere a taxelor si impozitelor<\/span><\/p>\n<p><span style=\"color: #fe6202;\"><strong><em>Alternative la bani<\/em><\/strong><\/span><\/p>\n<p>15. Barter, LETS \u015fi monede alternative<\/p>\n<p><span style=\"color: #fe6202;\"><strong><em>Reducerea amprentei fiscale<\/em><\/strong><\/span><\/p>\n<p>16. Energii alternative, resurse locale, transporturi ecologice<\/p>\n<p>17. Economise\u015fte, produce<\/p>\n<p><span class=\"Apple-style-span\" style=\"font-size: 12px; font-weight: bold; line-height: 20px; color: #993300;\">Partea a treia<\/span><\/p>\n<p><span style=\"color: #fe6202;\"><strong><em>Guerilla fiscala personalizat\u0103<\/em><\/strong><\/span><\/p>\n<p>18. Guerilla fiscal\u0103 pentru venituri mici<\/p>\n<p>19. Guerilla fiscal\u0103 pentru angaja\u0163i<\/p>\n<p>20. Guerilla fiscal\u0103 pentru liber profesioni\u015fti<\/p>\n<p>21. Guerilla fiscal\u0103 pentru \u00eentreprinz\u0103tori<\/p>\n<p>22. Guerilla fiscal\u0103 pentru investitori<\/p>\n<p><span class=\"Apple-style-span\" style=\"font-size: 12px; font-weight: bold; line-height: 20px; color: #993300;\">Partea special\u0103<\/span><\/p>\n<p><span style=\"color: #fe6202;\"><strong><em>Subiecte delicate<\/em><\/strong><\/span><\/p>\n<p>23. Protec\u0163ia fiscal\u0103<\/p>\n<p>24. Greva fiscal\u0103<\/p>\n<p><span class=\"Apple-style-span\" style=\"color: #606060; font-family: Tahoma, Verdana, Arial, Helvetica, sans-serif; font-size: 14px; line-height: 21px;\"><strong>\u00cencheiere<\/strong><\/span><\/p>\n<p><span class=\"Apple-style-span\" style=\"color: #606060; font-family: Tahoma, Verdana, Arial, Helvetica, sans-serif; font-size: 14px; line-height: 21px;\"><strong>Postfa\u0163\u0103 sau&#8230; alt\u0103 Prefa\u0163\u0103<\/strong><\/span><\/p>\n<p><span class=\"Apple-style-span\" style=\"color: #606060; font-family: Tahoma, Verdana, Arial, Helvetica, sans-serif; font-size: 14px; line-height: 21px;\"><strong>Anexa 1<\/strong><\/span><\/p>\n<p><span class=\"Apple-style-span\" style=\"color: #606060; font-family: Tahoma, Verdana, Arial, Helvetica, sans-serif; font-size: 14px; line-height: 21px;\"><strong>Anexa 2<\/strong><\/span><\/p>\n","protected":false},"excerpt":{"rendered":"<p><span class=\"Apple-style-span\" style=\"color: #606060; font-family: Tahoma, Verdana, Arial, Helvetica, sans-serif; font-size: 14px; line-height: 21px;\"><strong>Cum s\u0103 pl\u0103te\u015fti c\u00e2t mai pu\u0163ine taxe \u015fi impozite folosind metode \u00een \u00eentregime legale ,\u00a0<\/strong><\/span>de\u00a0<strong>Luca Dezmir<\/strong>.<\/p>\n","protected":false},"featured_media":3654,"comment_status":"open","ping_status":"closed","template":"","meta":{"_mi_skip_tracking":false,"_exactmetrics_sitenote_active":false,"_exactmetrics_sitenote_note":"","_exactmetrics_sitenote_category":0},"product_cat":[221],"product_tag":[241,201,32,31,204,202,205],"acf":[],"_links":{"self":[{"href":"https:\/\/lucadezmir.com\/shop\/wp-json\/wp\/v2\/product\/3653"}],"collection":[{"href":"https:\/\/lucadezmir.com\/shop\/wp-json\/wp\/v2\/product"}],"about":[{"href":"https:\/\/lucadezmir.com\/shop\/wp-json\/wp\/v2\/types\/product"}],"replies":[{"embeddable":true,"href":"https:\/\/lucadezmir.com\/shop\/wp-json\/wp\/v2\/comments?post=3653"}],"wp:featuredmedia":[{"embeddable":true,"href":"https:\/\/lucadezmir.com\/shop\/wp-json\/wp\/v2\/media\/3654"}],"wp:attachment":[{"href":"https:\/\/lucadezmir.com\/shop\/wp-json\/wp\/v2\/media?parent=3653"}],"wp:term":[{"taxonomy":"product_cat","embeddable":true,"href":"https:\/\/lucadezmir.com\/shop\/wp-json\/wp\/v2\/product_cat?post=3653"},{"taxonomy":"product_tag","embeddable":true,"href":"https:\/\/lucadezmir.com\/shop\/wp-json\/wp\/v2\/product_tag?post=3653"}],"curies":[{"name":"wp","href":"https:\/\/api.w.org\/{rel}","templated":true}]}}