{"id":3641,"date":"2018-12-14T23:19:51","date_gmt":"2018-12-14T23:19:51","guid":{"rendered":"https:\/\/lucadezmir.com\/shop-beta\/?post_type=product&#038;p=3641"},"modified":"2023-05-23T09:19:30","modified_gmt":"2023-05-23T09:19:30","slug":"cum-sa-faci-bani-in-adolescenta-in-format-pdf","status":"publish","type":"product","link":"https:\/\/lucadezmir.com\/shop\/produs\/cum-sa-faci-bani-in-adolescenta-in-format-pdf\/","title":{"rendered":"&#8222;Cum s\u0103 faci bani \u00een adolescen\u0163\u0103&#8221; \u00een format PDF"},"content":{"rendered":"<p>Cartea\u00a0<strong><em>Cum s\u0103 faci bani \u00een adolescen\u0163\u0103\u00a0<\/em><\/strong>de Luca Dezmir\u00a0<strong>\u00een format electronic (PDF)<\/strong><\/p>\n<p><span style=\"color: #fe6202;\"><strong>\u00a0Acest tip de carte electronic\u0103 este recomandat\u0103 pentru citirea cu ajutorul computerului.<\/strong><\/span>\u00a0Ea este disponibil\u0103 prin download.<\/p>\n<p><span style=\"font-size: 1.6em; letter-spacing: .01em;\"><span style=\"color: #fe6202;\">Mesaj din partea autorului<\/span><\/span><\/p>\n<p>\u015etiu c\u0103 banii sunt o problem\u0103 de care te\u00a0<strong>love\u015fti \u00een fiecare zi<\/strong>. Ca adolescent, ai nevoie de bani, pentru haine, distrac\u0163ie \u015fi electronice: telefon celulat, iPod sau tablet\u0103. \u00cen\u0163eleg foarte bine aceste nevoi, pentru c\u0103\u00a0<strong>sunt p\u0103rinte<\/strong>.<\/p>\n<p>Mai \u015ftiu c\u0103 prime\u015fti prea pu\u0163ini bani din aloca\u0163ie sau de la p\u0103rin\u0163i. Ai o nevoie continu\u0103 de bani iar \u015fcoala \u015fi p\u0103rin\u0163ii nu sunt \u00een stare s\u0103 te ajute s\u0103-\u0163i rezolvi aceast\u0103 problem\u0103. D\u0103-mi voie s\u0103-\u0163i dau o m\u00e2n\u0103 de ajutor. Am scris o carte \u00een care g\u0103se\u015fti\u00a0<strong>\u015fapte metode diferite<\/strong>\u00a0prin care\u00a0<strong>po\u0163i s\u0103 c\u00e2\u015ftigi bani<\/strong>. Fiecare metod\u0103 este descris\u0103 am\u0103nun\u0163it, pas cu pas. \u00cen plus, \u00ee\u0163i ofer o list\u0103 lung\u0103 de site-uri pe internet care con\u0163in informa\u0163ii suplimentare sau te ajut\u0103 direct s\u0103 faci bani.Toate metodele sunt adaptate pentru v\u00e2rsta ta. Ele sunt alese \u00een a\u015fa fel \u00eenc\u00e2t s\u0103 se potriveasc\u0103 cu abilit\u0103\u0163ile pe care le ai \u00een timpul adolescen\u0163ei.<\/p>\n<p>\u015etiu c\u0103<strong>\u00a0nu to\u0163i adolescen\u0163ii sunt la fel.<\/strong>\u00a0De aceea \u0163i-am propus at\u00e2t de multe metode de a face bani, pentru ca cel pu\u0163in 2-3 dintre ele s\u0103 se potriveasc\u0103 cu\u00a0<strong>personalitatea ta<\/strong>\u00a0\u015fi s\u0103-\u0163i plac\u0103 s\u0103 le folose\u015fti.<\/p>\n<p>A face bani este doar\u00a0<strong>primul pas<\/strong>. Sunt sigur c\u0103 ai observat: banii au tendin\u0163a s\u0103 \u0163i se scurg\u0103 printre degete. Te voi \u00eenv\u0103\u0163a ce s\u0103<strong>\u00a0faci cu banii c\u00e2\u015ftiga\u0163i<\/strong>\u00a0pentru ca ei s\u0103 nu-\u0163i lipseasc\u0103 niciodat\u0103.<\/p>\n<p>E momentul s\u0103<strong>\u00a0iei controlul asupra banilor t\u0103i<\/strong>, e momentul s\u0103 elimini problema banilor din via\u0163a ta.<\/p>\n<p><span class=\"Apple-style-span\" style=\"color: #fe6202; font-size: 18px; line-height: 28px;\">Cuprins<\/span><\/p>\n<p><span class=\"Apple-style-span\" style=\"color: #606060; font-family: Tahoma, Verdana, Arial, Helvetica, sans-serif; font-size: 14px; line-height: 21px;\"><strong>Prefa\u0163\u0103\u00a0\u00a0\u00a0<\/strong><\/span><\/p>\n<p><span class=\"Apple-style-span\" style=\"color: #606060; font-family: Tahoma, Verdana, Arial, Helvetica, sans-serif; font-size: 14px; line-height: 21px;\"><strong>Partea I<\/strong><\/span><\/p>\n<ul>\n<li>\u00cenainte de a \u00eencepe.<\/li>\n<li>Cum s\u0103 \u00eencepi<\/li>\n<li>Povestea unei cariere<\/li>\n<li>Care este scopul \/ \u0163elul \/ visul vie\u0163ii tale?<\/li>\n<li>Porne\u0219te acum<\/li>\n<li>Monetizeaz\u0103 \u015fi creaz\u0103 surse de venit pasiv.<\/li>\n<\/ul>\n<p><span class=\"Apple-style-span\" style=\"color: #606060; font-family: Tahoma, Verdana, Arial, Helvetica, sans-serif; font-size: 14px; line-height: 21px;\"><strong>Partea a II a<\/strong><\/span><\/p>\n<ul>\n<li>Cum s\u0103 te angajezi \u00een adolescen\u0163\u0103<\/li>\n<li>Cum s\u0103 faci bani din activit\u0103\u0163i sezoniere<\/li>\n<li>Propria afacere \u00een adolescen\u0163\u0103 &#8211; aspecte generale<\/li>\n<li>F\u0103 bani ca specialist, \u00een adolescen\u0163\u0103<\/li>\n<li>Reprezentant de v\u00e2nz\u0103ri<\/li>\n<li>Porne\u015fte o afacere online \u00een adolescen\u0163\u0103<\/li>\n<li>Bani din exploatarea p\u0103m\u00e2ntului \u0219i cre\u015ftererea animalelor<\/li>\n<li>Investi\u0163ii \u00een adolescen\u0163\u0103<\/li>\n<li>Cum s\u0103 NU faci bani \u00een adolescen\u0163\u0103<\/li>\n<li>Ce faci cu banii?<\/li>\n<li>La final<\/li>\n<li>Adnot\u0103ri \u015fi linkuri<\/li>\n<\/ul>\n","protected":false},"excerpt":{"rendered":"<p>Cartea\u00a0<strong><em>Cum s\u0103 faci bani \u00een adolescen\u0163\u0103\u00a0<\/em><\/strong>de Luca Dezmir\u00a0<strong>\u00een format electronic (PDF)<\/strong><\/p>\n<p><span style=\"color: #fe6202;\"><strong>\u00a0Acest tip de carte electronic\u0103 este recomandat\u0103 pentru citirea cu ajutorul computerului.<\/strong><\/span>\u00a0Ea este disponibil\u0103 prin download.<\/p>\n","protected":false},"featured_media":3643,"comment_status":"open","ping_status":"closed","template":"","meta":{"_mi_skip_tracking":false,"_exactmetrics_sitenote_active":false,"_exactmetrics_sitenote_note":"","_exactmetrics_sitenote_category":0},"product_cat":[29],"product_tag":[24,239,234,238,240],"acf":[],"_links":{"self":[{"href":"https:\/\/lucadezmir.com\/shop\/wp-json\/wp\/v2\/product\/3641"}],"collection":[{"href":"https:\/\/lucadezmir.com\/shop\/wp-json\/wp\/v2\/product"}],"about":[{"href":"https:\/\/lucadezmir.com\/shop\/wp-json\/wp\/v2\/types\/product"}],"replies":[{"embeddable":true,"href":"https:\/\/lucadezmir.com\/shop\/wp-json\/wp\/v2\/comments?post=3641"}],"wp:featuredmedia":[{"embeddable":true,"href":"https:\/\/lucadezmir.com\/shop\/wp-json\/wp\/v2\/media\/3643"}],"wp:attachment":[{"href":"https:\/\/lucadezmir.com\/shop\/wp-json\/wp\/v2\/media?parent=3641"}],"wp:term":[{"taxonomy":"product_cat","embeddable":true,"href":"https:\/\/lucadezmir.com\/shop\/wp-json\/wp\/v2\/product_cat?post=3641"},{"taxonomy":"product_tag","embeddable":true,"href":"https:\/\/lucadezmir.com\/shop\/wp-json\/wp\/v2\/product_tag?post=3641"}],"curies":[{"name":"wp","href":"https:\/\/api.w.org\/{rel}","templated":true}]}}