{"id":3636,"date":"2018-12-14T23:10:35","date_gmt":"2018-12-14T23:10:35","guid":{"rendered":"https:\/\/lucadezmir.com\/shop-beta\/?post_type=product&#038;p=3636"},"modified":"2023-02-21T15:53:03","modified_gmt":"2023-02-21T15:53:03","slug":"pachet-educational-comunicarea-in-familie","status":"publish","type":"product","link":"https:\/\/lucadezmir.com\/shop\/produs\/pachet-educational-comunicarea-in-familie\/","title":{"rendered":"Pachet educa\u0163ional &#8211; comunicarea \u00een familie"},"content":{"rendered":"<p>Pachet educa\u0163ional dedicat comunic\u0103rii \u00een familie, format din:<\/p>\n<ul>\n<li>DVD-ul\u00a0<span style=\"color: #fe6202;\"><strong>P\u0103rinte \u00eenteligent sau dresor eficient<\/strong><\/span><\/li>\n<li>cartea\u00a0<span style=\"color: #fe6202;\"><strong>Mami, vreau un pierce \u00een limb\u0103!<\/strong><\/span><\/li>\n<\/ul>\n<p>Este alegerea potrivit\u0103 atunci c\u00e2nd vrei s\u0103-\u0163i completezi\u00a0<strong>educa\u0163ia de p\u0103rinte.<\/strong><\/p>\n","protected":false},"excerpt":{"rendered":"<p>Pachet educa\u0163ional dedicat comunic\u0103rii \u00een familie, format din DVD-ul\u00a0<span style=\"color: #fe6202;\"><strong>P\u0103rinte \u00eenteligent sau dresor eficient\u00a0<\/strong><\/span>\u015fi cartea\u00a0<span style=\"color: #fe6202;\"><strong>Mami, vreau un pierce \u00een limb\u0103!<\/strong><\/span><\/p>\n","protected":false},"featured_media":3637,"comment_status":"open","ping_status":"closed","template":"","meta":{"_mi_skip_tracking":false,"_exactmetrics_sitenote_active":false,"_exactmetrics_sitenote_note":"","_exactmetrics_sitenote_category":0},"product_cat":[221],"product_tag":[232,219,233,217,231],"acf":[],"_links":{"self":[{"href":"https:\/\/lucadezmir.com\/shop\/wp-json\/wp\/v2\/product\/3636"}],"collection":[{"href":"https:\/\/lucadezmir.com\/shop\/wp-json\/wp\/v2\/product"}],"about":[{"href":"https:\/\/lucadezmir.com\/shop\/wp-json\/wp\/v2\/types\/product"}],"replies":[{"embeddable":true,"href":"https:\/\/lucadezmir.com\/shop\/wp-json\/wp\/v2\/comments?post=3636"}],"wp:featuredmedia":[{"embeddable":true,"href":"https:\/\/lucadezmir.com\/shop\/wp-json\/wp\/v2\/media\/3637"}],"wp:attachment":[{"href":"https:\/\/lucadezmir.com\/shop\/wp-json\/wp\/v2\/media?parent=3636"}],"wp:term":[{"taxonomy":"product_cat","embeddable":true,"href":"https:\/\/lucadezmir.com\/shop\/wp-json\/wp\/v2\/product_cat?post=3636"},{"taxonomy":"product_tag","embeddable":true,"href":"https:\/\/lucadezmir.com\/shop\/wp-json\/wp\/v2\/product_tag?post=3636"}],"curies":[{"name":"wp","href":"https:\/\/api.w.org\/{rel}","templated":true}]}}