{"id":3605,"date":"2018-12-14T22:16:27","date_gmt":"2018-12-14T22:16:27","guid":{"rendered":"https:\/\/lucadezmir.com\/shop-beta\/?post_type=product&#038;p=3605"},"modified":"2023-02-21T15:55:27","modified_gmt":"2023-02-21T15:55:27","slug":"mami-vreau-un-pierce-in-limba-metode-de-negociere-cu-adultii-si-prietenii","status":"publish","type":"product","link":"https:\/\/lucadezmir.com\/shop\/produs\/mami-vreau-un-pierce-in-limba-metode-de-negociere-cu-adultii-si-prietenii\/","title":{"rendered":"Mami, vreau un pierce in limba!  (Metode de negociere cu adul\u0163ii \u015fi prietenii)"},"content":{"rendered":"<p style=\"text-align: center;\"><span class=\"Apple-style-span\" style=\"color: #606060; font-family: Tahoma, Verdana, Arial, Helvetica, sans-serif; font-size: 14px; line-height: 21px;\"><strong>Mami, vreau un pierce \u00een limb\u0103!<\/strong><\/span><\/p>\n<p style=\"text-align: center; font-size: 12px;\">Metode de negociere cu adul\u0163ii \u015fi prietenii<\/p>\n<p style=\"margin: 0cm; margin-bottom: .0001pt; text-align: center;\" align=\"center\"><span style=\"font-size: 12pt;\"><strong><span lang=\"it\" style=\"font-family: Arial; color: #000000;\" xml:lang=\"it\">CARTE\u00a0<\/span><\/strong><strong><span style=\"font-family: Arial; color: #000000;\">+ DVD gratuit<\/span><\/strong><\/span><\/p>\n<p style=\"text-align: center;\"><span class=\"Apple-style-span\" style=\"font-size: 15px; font-weight: bold; line-height: 40px; color: #993300;\">\u00a0 Un titlu care incit\u0103 \u015fi st\u00e2rne\u015fte curiozitate, at\u00e2t pentru tineri c\u00e2t \u015fi pentru p\u0103rin\u0163i.<\/span><\/p>\n<p style=\"text-align: left;\">\u00a0<span class=\"Apple-style-span\" style=\"color: #fe6202; font-size: 18px; line-height: 28px;\"><strong>O carte pentru adolescen\u0163i, pe care ar trebui s\u0103 o citesc\u0103 \u015fi p\u0103rin\u0163ii.<\/strong><\/span><\/p>\n<ul>\n<li><em><span lang=\"it\" style=\"font-family: Arial; color: #000000; font-size: 14px;\" xml:lang=\"it\">Ce a\u015f face dac\u0103 a\u015f vrea un pierce \u00een limb\u0103?<\/span><\/em><\/li>\n<li><em><span lang=\"it\" style=\"font-family: Arial; color: #000000; font-size: 14px;\" xml:lang=\"it\">Oare ce mai scrie \u00een carte, dac\u0103 acesta e doar titlul?<\/span><\/em><\/li>\n<li><em><span lang=\"it\" style=\"font-family: Arial; color: #000000; font-size: 14px;\" xml:lang=\"it\">E clar o carte pentru tineri, dac\u0103 e vorba de piercing?\u00a0<\/span><\/em><\/li>\n<li><em><span lang=\"it\" style=\"font-family: Arial; color: #000000; font-size: 14px;\" xml:lang=\"it\">E vorba de piercing sau acesta e doar un motiv?&#8230;<\/span><\/em><\/li>\n<li><em><span lang=\"it\" style=\"font-family: Arial; color: #000000; font-size: 14px;\" xml:lang=\"it\">Ce mai titlu?&#8230; \u00a0Ce fac dac\u0103 fiica mea vine la mine si-mi spune c\u0103 vrea un pierce?<\/span><\/em><\/li>\n<li><em><span lang=\"it\" style=\"font-family: Arial; color: #000000; font-size: 14px;\" xml:lang=\"it\">Eu nu vreau un pierce, dar sunt curios ce altceva scrie \u00een carte?<\/span><\/em><\/li>\n<\/ul>\n<p><span lang=\"it\" style=\"font-family: Arial; color: #000000; font-size: 14px;\" xml:lang=\"it\"><strong>\u00a0 Oricare ar fi \u00eentrebarea pe care \u0163i-o pui \u00een momentul \u00een care vezi aceasta carte&#8230; po\u0163i afla r\u0103spunsul dac\u0103 o deschizi \u015fi o r\u0103sfoie\u015fti.<\/strong><\/span><\/p>\n<p>&nbsp;<\/p>\n<p><span class=\"Apple-style-span\" style=\"color: #fe6202; font-size: 18px; line-height: 28px;\"><strong>Fie c\u0103 e\u015fti adolescent \u015fi e\u015fti la liceu, fie c\u0103 abia ai intrat \u00een adolescen\u0163\u0103 sau \u2026 e\u015fti p\u0103rinte \u015fi ai un copil adolescent, cartea de fa\u0163\u0103 va fi pentru tine un ajutor<\/strong>.<\/span><\/p>\n<p><span lang=\"it\" style=\"font-family: Arial; color: #000000; font-size: 14px;\" xml:lang=\"it\"><strong>De ce te-ar interesa cartea? Pentru c\u0103..<\/strong><\/span><\/p>\n<p>R\u0103spunde \u00eentreb\u0103rilor tale!<\/p>\n<p>\u00ce\u0163i d\u0103 solu\u0163ii clare!<\/p>\n<p>Vorbe\u015fte pe limba ta!<\/p>\n<p>Te ajut\u0103 s\u0103 \u00ee\u0163i descoperi adev\u0103rata valoare!<\/p>\n<p>Te ajut\u0103 s\u0103 comunici cu cei din jurul tau!<\/p>\n<p><span class=\"Apple-style-span\" style=\"color: #fe6202; font-size: 18px; line-height: 28px;\"><strong>Ce vei afla din aceast\u0103 carte?<\/strong><\/span><\/p>\n<p><span lang=\"it\" style=\"font-family: Arial; color: #000000; font-size: 14px;\" xml:lang=\"it\"><strong>Dac\u0103 esti adolescent cu siguran\u0163\u0103 te va interesa&#8230;<\/strong><\/span><\/p>\n<ul>\n<li>Cum s\u0103-\u0163i refuzi prietenii f\u0103r\u0103 s\u0103 pici prost \u00een fa\u0163a lor<\/li>\n<li>Ce s\u0103 faci dac\u0103 e\u015fti presat\u0103 s\u0103 faci sex \u015fi nu e\u015fti preg\u0103tit\u0103<\/li>\n<li>Ce s\u0103 faci dac\u0103 e\u015fti acuzat pe nedrept<\/li>\n<li>Ce s\u0103 faci dac\u0103 te-ai s\u0103turat de reguli<\/li>\n<li>Cum s\u0103 te integrezi \u00eentr-un grup nou<\/li>\n<li>Cum s\u0103 \u00ee\u0163i cre\u015fti \u00eencrederea \u00een tine<\/li>\n<li>Cum s\u0103 ai o rela\u0163ie de succes<\/li>\n<li>Cum s\u0103 scapi de cic\u0103lelile p\u0103rin\u0163ilor<\/li>\n<\/ul>\n<p><span lang=\"it\" style=\"font-family: Arial; color: #000000; font-size: 14px;\" xml:lang=\"it\"><strong>\u00a0 Detalii despre toate aceste subiecte \u015fi altele legate de iubire, rela\u0163ii cu adul\u0163ii, sex, droguri sau situa\u0163ii din care parc\u0103 nu ai cum s\u0103 ie\u015fi, vei afla r\u0103sfoind paginile c\u0103r\u0163ii.<\/strong><\/span><\/p>\n<p><span class=\"Apple-style-span\" style=\"color: #fe6202; font-size: 18px; line-height: 28px;\"><strong>Dac\u0103 e\u015fti p\u0103rinte \u015fi te intereseaz\u0103 rela\u0163ia cu copilul t\u0103u, aceasta carte te va ajuta s\u0103-l \u00een\u0163elegi.<\/strong><\/span><\/p>\n<p>Vei vedea c\u0103 are nevoie de discu\u0163iile cu tine, c\u0103 \u00eel vei \u00een\u0163elege dac\u0103 te vei pune \u00een locul lui, c\u0103 e bine s\u0103-i acorzi libertate \u015fi s\u0103-l transformi \u00een prietenul t\u0103u&#8230;.<\/p>\n<p>Subiecte de discu\u0163ie ar fi&#8230; totul se rezum\u0103 la comunicare, ca dovad\u0103\u00a0 v\u0103 ofer&#8230;\u00a0<span style=\"color: #333333;\">cuprinsul c\u0103r\u0163ii\u00a0<strong>\u201c Mami, vreau un pierce \u00een limb\u0103!\u201d<\/strong>&#8230;<\/span><\/p>\n<p><span class=\"Apple-style-span\" style=\"font-size: 15px; font-weight: bold; line-height: 40px; color: #993300;\">Cuprinsul c\u0103r\u0163ii<\/span><\/p>\n<p><span class=\"Apple-style-span\" style=\"color: #606060; font-family: Tahoma, Verdana, Arial, Helvetica, sans-serif; font-size: 14px; line-height: 21px;\"><strong>Prefata<\/strong><\/span><\/p>\n<p><strong>Partea I: \u00a0<\/strong>Cmf? Bn?&#8230; Lol<\/p>\n<p><strong>Partea a II a :\u00a0<\/strong>Adev\u0103r, dragoste \u015fi putere<\/p>\n<p><strong>Partea a III a:\u00a0<\/strong>Tu \u015fi adul\u0163ii<\/p>\n<p><strong>Partea a IV a:\u00a0<\/strong><\/p>\n<p><span style=\"color: #993300;\"><strong>Capitolul 1\u00a0<\/strong>&#8211; Cum s\u0103 \u00ee\u0163i refuzi prietenii f\u0103r\u0103 s\u0103 pici prost \u00een fa\u0163a lor<\/span><\/p>\n<p><span style=\"color: #993300;\"><strong>Capitolul 2<\/strong>\u00a0&#8211; Ce s\u0103 faci dac\u0103 e\u015fti presat\u0103 s\u0103 faci sex \u015fi nu e\u015fti preg\u0103tit\u0103<\/span><\/p>\n<p><span style=\"color: #993300;\"><strong>Capitolul 3\u00a0<\/strong>&#8211; Ce faci dac\u0103 ai contactat o boal\u0103 transmisibil\u0103 pe cale sexual\u0103<\/span><\/p>\n<p><span style=\"color: #993300;\"><strong>Capitolul 4\u00a0<\/strong>-Ce faci dac\u0103 ai r\u0103mas \u00eens\u0103rcinat\u0103<\/span><\/p>\n<p><span style=\"color: #993300;\"><strong>Capitolul 5<\/strong>\u00a0&#8211; Ce s\u0103 faci dac\u0103 e\u015fti acuzat pe nedrept?<\/span><\/p>\n<p><span style=\"color: #993300;\"><strong>Capitolul 6<\/strong>\u00a0-Cum s\u0103 \u00ee\u0163i recuno\u015fti vina<\/span><\/p>\n<p><span style=\"color: #993300;\"><strong>Capitolul 7<\/strong>\u00a0-Ce s\u0103 faci dac\u0103 te-ai s\u0103turat de reguli<\/span><\/p>\n<p><span style=\"color: #993300;\"><strong>Capitolul 8\u00a0<\/strong>&#8211; Cum faci dac\u0103 nu vrei s\u0103 mergi cu p\u0103rin\u0163ii \u00een concediu<\/span><\/p>\n<p><span style=\"color: #993300;\"><strong>Capitolul 9\u00a0<\/strong>&#8211; Ce faci dac\u0103 vrei mai mul\u0163i bani de buzunar<\/span><\/p>\n<p><span style=\"color: #993300;\"><strong>Capitolul 10\u00a0<\/strong>&#8211; Ce faci dac\u0103 un b\u0103iat te place, dar tu nu ai acelea\u015fi sentimente<\/span><\/p>\n<p><span style=\"color: #993300;\"><strong>Capitolul 11\u00a0<\/strong>&#8211; Ce faci dac\u0103 \u015fi \u0163ie \u015fi prietenei tale v\u0103 place acela\u015fi b\u0103iat<\/span><\/p>\n<p><span style=\"color: #993300;\"><strong>Capitolul 12<\/strong>\u00a0&#8211; Cum s\u0103 \u00ee\u0163i spui p\u0103rerea<\/span><\/p>\n<p><span style=\"color: #993300;\"><strong>Capitolul 13<\/strong>\u00a0&#8211; Cum s\u0103 te integrezi \u00eentr-un grup nou<\/span><\/p>\n<p><span style=\"color: #993300;\"><strong>Capitolul 14\u00a0<\/strong>-Cum refuzi drogurile f\u0103r\u0103 s\u0103 fii considerat \u201csp\u0103rg\u0103tor de ga\u015fc\u0103\u201d<\/span><\/p>\n<p><span style=\"color: #993300;\"><strong>Capitolul 15<\/strong>\u00a0&#8211; Ce faci dac\u0103 prietenul t\u0103u a \u00eenceput s\u0103 consume droguri<\/span><\/p>\n<p><span style=\"color: #993300;\"><strong>Capitolul 16\u00a0<\/strong>&#8211; Cum s\u0103 spui p\u0103rin\u0163ilor c\u0103\u2026vrei un pierce \u00een limb\u0103<\/span><\/p>\n<p><span style=\"color: #993300;\"><strong>Capitolul 17\u00a0<\/strong>&#8211; 10 sfaturi pentru a avea o rela\u0163ie de succes<\/span><\/p>\n<p><span style=\"color: #993300;\"><strong>Capitolul 18\u00a0<\/strong>&#8211; Situa\u0163ii \u015fi negociere. Ce faci dac\u0103&#8230;<\/span><\/p>\n<ul>\n<li>Vrei s\u0103 mergi la un chef&#8230;<\/li>\n<li>Nu \u00ee\u0163i mai plac hainele cump\u0103rate de p\u0103rin\u0163i\u2026<\/li>\n<li>Vrei s\u0103 prime\u015fti ceva\u2026<\/li>\n<li>Vrei s\u0103 pleci \u00eentr-o excursie<\/li>\n<\/ul>\n<p><span style=\"color: #993300;\"><strong>Capitolul 19\u00a0<\/strong>&#8211; Cum s\u0103 \u00ee\u0163i cre\u015fti \u00eencrederea \u00een tine<\/span><\/p>\n<p><span style=\"color: #993300;\"><strong>Capitolul 20\u00a0<\/strong>\u2013Cum s\u0103 scapi de cic\u0103lelile p\u0103rin\u0163ilor<\/span><\/p>\n<p><span style=\"color: #993300;\"><strong>Capitolul 21\u00a0<\/strong>\u2013 Tu \u015fi cu tine<\/span><\/p>\n<p><span class=\"Apple-style-span\" style=\"font-size: 15px; font-weight: bold; line-height: 40px; color: #606060;\">Cuprinsul DVD-ului<\/span><strong><span lang=\"it\" style=\"font-family: Arial; color: #000000;\" xml:lang=\"it\">\u00a0<\/span><\/strong><\/p>\n<p>1. Cartea\u00a0<span style=\"color: #606060;\"><strong>\u201cP\u0103rinte inteligent sau dresor eficient?\u201d\u00a0<\/strong><\/span>\u00een format audiobook (mp3)<\/p>\n<p><span style=\"color: #606060;\"><strong>2. Acei copii minuna\u0163i \u015fi notele lor de 10 sau Copii de nota 10\u00a0<\/strong><\/span>\u2013 articol pentru adolescen\u0163i, pe care s\u0103-l citeasc\u0103 p\u0103rin\u0163ii<\/p>\n<p><span style=\"color: #606060;\"><strong>3. Avortul \u00eentre Da \u015fi NU\u00a0<\/strong><\/span>\u2013 articol de informare pentru adolescen\u0163i<\/p>\n<p><span style=\"color: #606060;\"><strong>4. \u201cMerg la \u015fcoal\u0103 \u015fi \u00eemi place \/ Tra La La La La La La<\/strong><\/span><\/p>\n<p><span style=\"color: #606060;\"><strong>\u00a0 \u00a0 \u00a0\u015ei asta c\u0103 n-am ce face\/ Tra La La La La La La\u201d&#8230;\u00a0<\/strong><\/span>&#8211; articol pentru tineri<\/p>\n<p><span style=\"color: #606060;\"><strong>5. Interviu cu Andreea Margan- psihopedagog\u00a0<\/strong><\/span>\u00a0&#8211; despre rela\u0163iile cu adul\u0163ii \u015fi prietenii \u00een adolescen\u0163a \u015fi despre importan\u0163a comunic\u0103rii \u00een familie<\/p>\n<p style=\"margin: 0cm; margin-bottom: .0001pt; text-indent: 14pt;\"><span lang=\"it\" style=\"font-size: 12pt;\" xml:lang=\"it\">\u00a0<\/span><\/p>\n","protected":false},"excerpt":{"rendered":"<p style=\"text-align: left;\">\u00a0 Carte \u015fi CD, dedicat adolescen\u0163ilor \u015fi tinerilor. Con\u0163ine solu\u0163ii concrete pentru negocierea cu adul\u0163ii \u015fi prietenii.<\/p>\n","protected":false},"featured_media":51,"comment_status":"open","ping_status":"closed","template":"","meta":{"_mi_skip_tracking":false,"_exactmetrics_sitenote_active":false,"_exactmetrics_sitenote_note":"","_exactmetrics_sitenote_category":0},"product_cat":[260,23],"product_tag":[24,27,28,26,25],"acf":[],"_links":{"self":[{"href":"https:\/\/lucadezmir.com\/shop\/wp-json\/wp\/v2\/product\/3605"}],"collection":[{"href":"https:\/\/lucadezmir.com\/shop\/wp-json\/wp\/v2\/product"}],"about":[{"href":"https:\/\/lucadezmir.com\/shop\/wp-json\/wp\/v2\/types\/product"}],"replies":[{"embeddable":true,"href":"https:\/\/lucadezmir.com\/shop\/wp-json\/wp\/v2\/comments?post=3605"}],"wp:featuredmedia":[{"embeddable":true,"href":"https:\/\/lucadezmir.com\/shop\/wp-json\/wp\/v2\/media\/51"}],"wp:attachment":[{"href":"https:\/\/lucadezmir.com\/shop\/wp-json\/wp\/v2\/media?parent=3605"}],"wp:term":[{"taxonomy":"product_cat","embeddable":true,"href":"https:\/\/lucadezmir.com\/shop\/wp-json\/wp\/v2\/product_cat?post=3605"},{"taxonomy":"product_tag","embeddable":true,"href":"https:\/\/lucadezmir.com\/shop\/wp-json\/wp\/v2\/product_tag?post=3605"}],"curies":[{"name":"wp","href":"https:\/\/api.w.org\/{rel}","templated":true}]}}