{"id":3579,"date":"2018-12-14T21:04:03","date_gmt":"2018-12-14T21:04:03","guid":{"rendered":"https:\/\/lucadezmir.com\/shop-beta\/?post_type=product&#038;p=3579"},"modified":"2023-02-21T15:59:24","modified_gmt":"2023-02-21T15:59:24","slug":"dvd-parinte-inteligent-sau-dresor-eficient","status":"publish","type":"product","link":"https:\/\/lucadezmir.com\/shop\/produs\/dvd-parinte-inteligent-sau-dresor-eficient\/","title":{"rendered":"DVD &#8222;P\u0103rinte \u00eenteligent sau dresor eficient?&#8221;"},"content":{"rendered":"<p><strong>\u00a0 Iti doresti un copil BUN, INTELEGATOR, BUN PRIETEN, INCREZATOR IN PROPRIILE FORTE sau un copil AGRESIV, INTOLERANT, FATARNIC (poate el asa isi doreste sa fie, poate crede ca asa obtine mai multe, mai usor)?<\/strong><\/p>\n<p><strong>Intrebarea are doar un singur raspuns corect!!\u00a0<img decoding=\"async\" class=\"wp-smiley\" src=\"http:\/\/simonahupov.com\/wp-includes\/images\/smilies\/icon_smile.gif\" alt=\":)\" \/><\/strong><\/p>\n<p><span class=\"Apple-style-span\" style=\"font-size: 15px; font-weight: bold; line-height: 40px; color: #993300;\"><strong>Din cuprins:<\/strong><\/span><\/p>\n<p><span class=\"Apple-style-span\" style=\"color: #606060; font-family: Tahoma, Verdana, Arial, Helvetica, sans-serif; font-size: 14px; line-height: 21px;\"><strong>1.Toleranta si intransigenta<\/strong><br \/>\nOare suntem parinti toleranti? Oare suntem prea duri? Ni se reproseaza lipsa compromisului de catre copiii nostri? Putem face in asa fel incat si noi si copilul sa avem de castigat.<\/span><\/p>\n<p style=\"color: #333333; margin-top: 15px; margin-bottom: 15px; font-size: 12px; background-color: transparent;\">\u00a0<span class=\"Apple-style-span\" style=\"color: #840000; font-family: Arial, Helvetica, sans-serif; font-size: 10px; font-weight: bold; letter-spacing: 2px; line-height: normal; text-transform: uppercase;\"><strong style=\"font-size: 11px; background-color: transparent;\"><span style=\"font-size: 11px; background-color: transparent; color: #ff0000;\">BENEFICIUL TAU DACA ACHIZITIONEZI DVD-UL:<\/span><\/strong><\/span><\/p>\n<p style=\"color: #333333; margin-top: 15px; margin-bottom: 15px; font-size: 12px; background-color: transparent;\">\u00a0<strong style=\"font-size: 12px; background-color: transparent;\"><span style=\"font-size: 12px; background-color: transparent; color: #ff0000;\"><em>Veti afla cat de usor ne putem face din copilul nostru un prieten, ramanand un parinte integru si care isi respecta cuvantul dat.<\/em><\/span><\/strong><\/p>\n<p><span class=\"Apple-style-span\" style=\"color: #606060; font-family: Tahoma, Verdana, Arial, Helvetica, sans-serif; font-size: 14px; line-height: 21px;\"><strong>2. Cum impun reguli si ajut la respectarea lor<\/strong><br \/>\nRegulile creaza ordine in viata oricui, mai ales in viata de familie. Viata nu este o regula, dar ordinea din viata fiecaruia DA. Parintii impun reguli, copiii NU le respecta. Ce ne facem?<\/span><\/p>\n<p style=\"color: #333333; margin-top: 15px; margin-bottom: 15px; font-size: 12px; background-color: transparent;\">\u00a0<span class=\"Apple-style-span\" style=\"color: #ff0000; font-family: Arial, Helvetica, sans-serif; font-size: 11px; font-weight: bold; letter-spacing: 2px; line-height: normal; text-transform: uppercase;\"><strong style=\"font-size: 11px; background-color: transparent;\">BENEFICIUL TAU DACA ACHIZITIONEZI DVD-UL:<\/strong><\/span><\/p>\n<p style=\"color: #333333; margin-top: 15px; margin-bottom: 15px; font-size: 12px; background-color: transparent;\">\u00a0<strong style=\"font-size: 12px; background-color: transparent;\"><span style=\"font-size: 12px; background-color: transparent; color: #ff0000;\"><em>Vei afla cum sa impui regulile in asa fel incat sa fie respectate si fiecare parte, atat parintele cat si copilul, sa fie multumit.<\/em><\/span><\/strong><\/p>\n<p><span class=\"Apple-style-span\" style=\"color: #606060; font-family: Tahoma, Verdana, Arial, Helvetica, sans-serif; font-size: 14px; line-height: 21px;\"><strong>3. Cum pot anihila influenta negativa a grupului<\/strong><br \/>\nCat ne este de frica, noua ca parinti pentru copilul nostru, sa nu o ia pe \u201ccarari gresite\u201d, carari sugerate de prieteni nepotriviti? Poate este una dintre cele mai mari frici ale unui parinte. Exista solutii si pentru aceasta problema.<\/span><\/p>\n<p style=\"color: #333333; margin-top: 15px; margin-bottom: 15px; font-size: 12px; background-color: transparent;\">\u00a0<span class=\"Apple-style-span\" style=\"color: #ff0000; font-family: Arial, Helvetica, sans-serif; font-size: 11px; font-weight: bold; letter-spacing: 2px; line-height: normal; text-transform: uppercase;\"><strong style=\"font-size: 11px; background-color: transparent;\">BENEFICIUL TAU DACA ACHIZITIONEZI DVD-UL:<\/strong><\/span><\/p>\n<p style=\"color: #333333; margin-top: 15px; margin-bottom: 15px; font-size: 12px; background-color: transparent;\">\u00a0<strong style=\"font-size: 12px; background-color: transparent;\"><span style=\"font-size: 12px; background-color: transparent; color: #ff0000;\"><em>Vei afla cum sa procedezi pentru a nu lasa copilul influentat de grup. Ce sa faci pentru ca el sa gandeasca cu propria minte, nu cu a prietenilor.<\/em><\/span><\/strong><\/p>\n<p><span class=\"Apple-style-span\" style=\"color: #606060; font-family: Tahoma, Verdana, Arial, Helvetica, sans-serif; font-size: 14px; line-height: 21px;\"><strong>4. Cum sa acord libertate, dar sa pastrez controlul<\/strong><br \/>\nModul in care sunt crescuti copiii de azi este total diferit de trecut. Ei vor mai multa libertate si mai putin control, tu ca si parinte nu stii ce cale sa urmez, ce metode sa aplici.<\/span><\/p>\n<p style=\"color: #333333; margin-top: 15px; margin-bottom: 15px; font-size: 12px; background-color: transparent;\">\u00a0<span class=\"Apple-style-span\" style=\"color: #ff0000; font-family: Arial, Helvetica, sans-serif; font-size: 11px; font-weight: bold; letter-spacing: 2px; line-height: normal; text-transform: uppercase;\"><strong style=\"font-size: 11px; background-color: transparent;\">BENEFICIUL TAU DACA ACHIZITIONEZI DVD-UL:<\/strong><\/span><\/p>\n<p style=\"color: #333333; margin-top: 15px; margin-bottom: 15px; font-size: 12px; background-color: transparent;\">\u00a0<strong style=\"font-size: 12px; background-color: transparent;\"><span style=\"font-size: 12px; background-color: transparent; color: #ff0000;\"><em>Vei afla cateva trucuri simple pentru a nu pierde controlul si a nu fi exclus din viata copilului care isi ia prea repede zborul.<\/em><\/span><\/strong><\/p>\n<p><span class=\"Apple-style-span\" style=\"color: #606060; font-family: Tahoma, Verdana, Arial, Helvetica, sans-serif; font-size: 14px; line-height: 21px;\"><strong>5. Banii ca r\u0103splat\u0103?<\/strong><br \/>\nBanii au devenit un mod de viata, de multe ori copilul nu stie valoare lor, pentru ca nu a avut ocazia sa experimenteze, sa afle sau sa invete despre bani. \u201cBanii cresc in portofel ul parintilor\u201d \u2013 si asta e tot!<\/span><\/p>\n<h3 style=\"margin-top: 0px; margin-bottom: 4px; font-size: 11px; background-color: transparent; font: normal normal normal .9em\/normal Arial, Helvetica, sans-serif; text-transform: uppercase; letter-spacing: .3em; font-weight: bold; color: #840000;\"><span style=\"font-size: 11px; background-color: transparent; color: #ff0000;\"><strong style=\"font-size: 11px; background-color: transparent;\">BENEFICIUL TAU DACA ACHIZITIONEZI DVD-UL:<\/strong><\/span><\/h3>\n<p style=\"color: #333333; margin-top: 15px; margin-bottom: 15px; font-size: 12px; background-color: transparent;\">\u00a0<strong style=\"font-size: 12px; background-color: transparent;\"><span style=\"font-size: 12px; background-color: transparent; color: #ff0000;\"><em>Iti vei da seama cat e de usor sa ai un copil intreprinzator si care sa stie cat de greu se castiga banii, un copil fara pretentii exagerate si poate chiar foarte dramuit cu banii.<\/em><\/span><\/strong><\/p>\n<p><span class=\"Apple-style-span\" style=\"color: #606060; font-family: Tahoma, Verdana, Arial, Helvetica, sans-serif; font-size: 14px; line-height: 21px;\"><strong>\u00a0 DVD-ul abordeaza si alte teme de interes cum ar fi discutiile TABU, ce inseamna puterea exemplului sau regula consensului, precum si care ar trebui sa fie relatia parinti \u2013 copii sau parintii \u2013 copii \u2013 \u00a0profesori.<\/strong><\/span><\/p>\n<p style=\"color: #333333; margin-top: 15px; margin-bottom: 15px; font-size: 12px; background-color: transparent;\">\u00a0<span class=\"Apple-style-span\" style=\"color: #ff0000; font-family: Arial, Helvetica, sans-serif; font-size: 11px; font-weight: bold; letter-spacing: 2px; line-height: normal; text-transform: uppercase;\"><strong style=\"font-size: 11px; background-color: transparent;\">BENEFICIUL TAU DACA ACHIZITIONEZI DVD-UL:<\/strong><\/span><\/p>\n<p style=\"color: #333333; margin-top: 15px; margin-bottom: 15px; font-size: 12px; background-color: transparent;\">\u00a0<strong style=\"font-size: 12px; background-color: transparent;\"><span style=\"font-size: 12px; background-color: transparent; color: #ff0000;\"><em>Din toate aceste subiecte vei gasi unele cu care sigur te-ai confruntat sau te confrunti inca. Vei vedea ca:<\/em><\/span><\/strong><\/p>\n<p style=\"color: #333333; margin-top: 15px; margin-bottom: 15px; font-size: 12px; background-color: transparent;\">\u00a0<strong style=\"font-size: 12px; background-color: transparent;\"><span style=\"font-size: 12px; background-color: transparent; color: #ff0000;\"><em>&#8211;\u00a0<\/em><\/span><\/strong><strong style=\"font-size: 12px; background-color: transparent;\"><span style=\"font-size: 12px; background-color: transparent; color: #ff0000;\"><em>nu este usor sa schimbi ceva, dar este posibil<\/em><\/span><\/strong><\/p>\n<p style=\"color: #333333; margin-top: 15px; margin-bottom: 15px; font-size: 12px; background-color: transparent;\"><strong style=\"font-size: 12px; background-color: transparent;\"><span style=\"font-size: 12px; background-color: transparent; color: #ff0000;\"><em>&#8211;\u00a0<\/em><\/span><\/strong><strong style=\"font-size: 12px; background-color: transparent;\"><span style=\"font-size: 12px; background-color: transparent; color: #ff0000;\"><em>poti fi prietenul copilului tau, fara ca el sa fie deranjat de asta<\/em><\/span><\/strong><\/p>\n<p style=\"color: #333333; margin-top: 15px; margin-bottom: 15px; font-size: 12px; background-color: transparent;\"><strong style=\"font-size: 12px; background-color: transparent;\"><span style=\"font-size: 12px; background-color: transparent; color: #ff0000;\"><em>&#8211;\u00a0<\/em><\/span><\/strong><strong style=\"font-size: 12px; background-color: transparent;\"><span style=\"font-size: 12px; background-color: transparent; color: #ff0000;\"><em>orice copil poate fi schimbat in bine<\/em><\/span><\/strong><\/p>\n<p style=\"color: #333333; margin-top: 15px; margin-bottom: 15px; font-size: 12px; background-color: transparent;\"><strong style=\"font-size: 12px; background-color: transparent;\"><span style=\"font-size: 12px; background-color: transparent; color: #ff0000;\"><em>&#8211;\u00a0<\/em><\/span><\/strong><strong style=\"font-size: 12px; background-color: transparent;\"><span style=\"font-size: 12px; background-color: transparent; color: #ff0000;\"><em>tu ca si parinte ai puterea sa faci ceva<\/em><\/span><\/strong><\/p>\n<h1 style=\"margin-top: 15px; margin-bottom: 15px; font-size: 12px; background-color: transparent;\"><strong style=\"font-size: 12px; background-color: transparent;\">Ce spun altii despre DVD:<\/strong><\/h1>\n<p style=\"margin-top: 15px; margin-bottom: 15px; font-size: 12px; background-color: transparent;\"><strong style=\"font-size: 12px; background-color: transparent;\">Linda Wendel \u2013 trainer de dezvoltare personala, mama<br \/>\n<\/strong><\/p>\n<p style=\"margin-top: 15px; margin-bottom: 15px; font-size: 12px; background-color: transparent;\"><strong style=\"font-size: 12px; background-color: transparent;\">http:\/\/pasiinviata.ro<\/strong><\/p>\n<p style=\"margin-top: 15px; margin-bottom: 15px; font-size: 12px; background-color: transparent;\"><strong style=\"font-size: 12px; background-color: transparent;\"><a style=\"font-size: 12px; background-color: transparent; color: #333333;\" href=\"http:\/\/simonahupov.com\/wp-content\/uploads\/2010\/11\/linda.jpg\"><img loading=\"lazy\" decoding=\"async\" class=\"alignnone size-full wp-image-512\" style=\"font-size: 12px; background-color: transparent; padding: 1px; border: 1px;\" title=\"linda\" src=\"http:\/\/simonahupov.com\/wp-content\/uploads\/2010\/11\/linda.jpg\" alt=\"\" width=\"200\" height=\"200\" \/><\/a><\/strong><\/p>\n<p style=\"margin-top: 15px; margin-bottom: 15px; font-size: 12px; background-color: transparent;\"><em><strong style=\"font-size: 12px; background-color: transparent;\">\u201c Parinte inteligent sau dresor eficient?\u201d<\/strong>\u00a0este un ghid extraordinar care va ofera metode experimentate si aplicabile. Scurt si la obiect, gasiti sfaturi pentru solutionarea diferitelor probleme care apar, tinand cont de faptul ca ambele parti, copii si parinti, sa iasa in castig, sa fie multumiti de solutia gasita.<\/em><\/p>\n<p style=\"margin-top: 15px; margin-bottom: 15px; font-size: 12px; background-color: transparent;\"><em>Structura pe teme si explicatiile pas cu pas, usureaza aplicarea si recitirea subiectelor de \u00a0actualitate. Metodele prezentate sunt baza, pentru o relatie de incredere.<\/em><\/p>\n<p style=\"margin-top: 15px; margin-bottom: 15px; font-size: 12px; background-color: transparent;\"><em>Din experienta mea pot spune ca o astfel de relatie ofera ambelor parti un maxim de recunostinta si multumire reciproca.\u201d<\/em><\/p>\n<p style=\"margin-top: 15px; margin-bottom: 15px; font-size: 12px; background-color: transparent;\"><strong style=\"font-size: 12px; background-color: transparent;\">Cristina Feier \u2013 proprietar de afterschool, mama<\/strong><\/p>\n","protected":false},"excerpt":{"rendered":"<p>Un DVD educa\u0163ional adresat p\u0103rin\u0163ilor, c\u0103rora le propune o abordare inteligent\u0103 pentru a putea dirija eficient educa\u0163ia copiilor lor.<\/p>\n","protected":false},"featured_media":3584,"comment_status":"open","ping_status":"closed","template":"","meta":{"_mi_skip_tracking":false,"_exactmetrics_sitenote_active":false,"_exactmetrics_sitenote_note":"","_exactmetrics_sitenote_category":0},"product_cat":[17],"product_tag":[212,213,214,215],"acf":[],"_links":{"self":[{"href":"https:\/\/lucadezmir.com\/shop\/wp-json\/wp\/v2\/product\/3579"}],"collection":[{"href":"https:\/\/lucadezmir.com\/shop\/wp-json\/wp\/v2\/product"}],"about":[{"href":"https:\/\/lucadezmir.com\/shop\/wp-json\/wp\/v2\/types\/product"}],"replies":[{"embeddable":true,"href":"https:\/\/lucadezmir.com\/shop\/wp-json\/wp\/v2\/comments?post=3579"}],"wp:featuredmedia":[{"embeddable":true,"href":"https:\/\/lucadezmir.com\/shop\/wp-json\/wp\/v2\/media\/3584"}],"wp:attachment":[{"href":"https:\/\/lucadezmir.com\/shop\/wp-json\/wp\/v2\/media?parent=3579"}],"wp:term":[{"taxonomy":"product_cat","embeddable":true,"href":"https:\/\/lucadezmir.com\/shop\/wp-json\/wp\/v2\/product_cat?post=3579"},{"taxonomy":"product_tag","embeddable":true,"href":"https:\/\/lucadezmir.com\/shop\/wp-json\/wp\/v2\/product_tag?post=3579"}],"curies":[{"name":"wp","href":"https:\/\/api.w.org\/{rel}","templated":true}]}}