{"id":20387,"date":"2022-11-11T10:50:16","date_gmt":"2022-11-11T10:50:16","guid":{"rendered":"https:\/\/lucadezmir.com\/shop\/?post_type=product&#038;p=20387"},"modified":"2023-02-21T15:30:09","modified_gmt":"2023-02-21T15:30:09","slug":"curs-introductiv-despre-bitcoin-si-altcoins","status":"publish","type":"product","link":"https:\/\/lucadezmir.com\/shop\/produs\/curs-introductiv-despre-bitcoin-si-altcoins\/","title":{"rendered":"Curs introductiv despre Bitcoin si altcoins"},"content":{"rendered":"<p>Cursul introductiv despre Bitcoin \u0219i altcoins este esen\u021bial pentru a primi informa\u021biile de care ai nevoie, ca s\u0103 \u00een\u021belegi elementele de baz\u0103 ale tehnologiei blockchain, care stau la baza Bitcoin \u0219i a majorit\u0103\u021bii monedelor alternative, altcoins. F\u0103r\u0103 aceste informa\u021bii nu vei putea naviga \u00een siguran\u021b\u0103 \u00een lumea cump\u0103r\u0103rii, de\u021binerii \u0219i investi\u021biilor \u00een Bitcoin \u0219i altcoins.<\/p>\n<p>Cursul are 4 module:<br \/>\n1. Modulul 1 &#8211; Bitcoin, introducere (31 minute)<br \/>\n2. Modulul 2 &#8211; No\u021biuni importante despre blockchain (12 minute)<br \/>\n3. Modulul 3 &#8211; No\u021biuni importante despre altcoins (18 minute)<br \/>\n4. Modulul 4 &#8211; Resurse online despre Bitcoin \u0219i Altcoins (11 minute)<\/p>\n<p>Fiecare modul con\u021bine prezentarea video, suportul de curs \u0219i varianta audio a cursului.<\/p>\n<h5>Termeni de utilizare a cursului<\/h5>\n<h6>Acest curs este oferit cu scop informativ, educativ. Autorul a facut toate eforturile pentru a oferi informatii verificate, dar unele dintre acestea se pot dovedi depasite, la data finalizarii cursului. Cursul prezinta experienta personala a autorului si informatii culese din surse de specialitate. Aceasta experienta ar putea sa nu fie in acord cu informatiile, personalitatea si modul de a actiona al cumparatoruluii. Cursul este oferit cu scop informativ, educativ. Informatiile din interiorul lui nu vor fi considerate a fi propuneri de investitii sau indemn la investitie. Afacerile si investitiile trebuie considerate actiuni care pot duce la pierderi financiare si care pot sa nu fie potrivite cu personalitatea cumparatorului. Folosirea informatiilor, tehnicilor si procedeelor prezentate in curs se face pe propria raspundere a cumparatorului. Cumparatorul este de acord sa renunte la orice actiune legala, indreptata asupra creatorilor si trainerilor cursului sau a persoanelor implicate direct sau indirect in producerea acestuia, datorita oricaror pierderi pe care ar putea sa le aiba, acum sau in viitor, in mod direct sau indirect, prin aplicarea informatiillor si procedeelor prezentate in curs. Cumpararea cursului presupune acceptarea de catre client a termenilor de mai sus.<\/h6>\n","protected":false},"excerpt":{"rendered":"<p>Cursul introductiv despre Bitcoin \u0219i altcoins este esen\u021bial pentru a primi informa\u021biile de care ai nevoie, ca s\u0103 \u00een\u021belegi elementele de baz\u0103 ale tehnologiei blockchain, care stau la baza Bitcoin \u0219i a majorit\u0103\u021bii monedelor alternative, altcoins. F\u0103r\u0103 aceste informa\u021bii nu vei putea naviga \u00een siguran\u021b\u0103 \u00een lumea cump\u0103r\u0103rii, de\u021binerii \u0219i investi\u021biilor \u00een Bitcoin \u0219i altcoins.<\/p>\n","protected":false},"featured_media":20388,"comment_status":"open","ping_status":"closed","template":"","meta":{"_mi_skip_tracking":false,"_exactmetrics_sitenote_active":false,"_exactmetrics_sitenote_note":"","_exactmetrics_sitenote_category":0},"product_cat":[261,16],"product_tag":[272,271,292,293],"acf":[],"_links":{"self":[{"href":"https:\/\/lucadezmir.com\/shop\/wp-json\/wp\/v2\/product\/20387"}],"collection":[{"href":"https:\/\/lucadezmir.com\/shop\/wp-json\/wp\/v2\/product"}],"about":[{"href":"https:\/\/lucadezmir.com\/shop\/wp-json\/wp\/v2\/types\/product"}],"replies":[{"embeddable":true,"href":"https:\/\/lucadezmir.com\/shop\/wp-json\/wp\/v2\/comments?post=20387"}],"wp:featuredmedia":[{"embeddable":true,"href":"https:\/\/lucadezmir.com\/shop\/wp-json\/wp\/v2\/media\/20388"}],"wp:attachment":[{"href":"https:\/\/lucadezmir.com\/shop\/wp-json\/wp\/v2\/media?parent=20387"}],"wp:term":[{"taxonomy":"product_cat","embeddable":true,"href":"https:\/\/lucadezmir.com\/shop\/wp-json\/wp\/v2\/product_cat?post=20387"},{"taxonomy":"product_tag","embeddable":true,"href":"https:\/\/lucadezmir.com\/shop\/wp-json\/wp\/v2\/product_tag?post=20387"}],"curies":[{"name":"wp","href":"https:\/\/api.w.org\/{rel}","templated":true}]}}