{"id":3727,"date":"2018-12-16T19:40:30","date_gmt":"2018-12-16T19:40:30","guid":{"rendered":"https:\/\/lucadezmir.com\/shop-beta\/?page_id=3727"},"modified":"2018-12-16T19:40:34","modified_gmt":"2018-12-16T19:40:34","slug":"contacteaza-ne","status":"publish","type":"page","link":"https:\/\/lucadezmir.com\/shop\/contacteaza-ne\/","title":{"rendered":"Contacteaza-ne"},"content":{"rendered":"\n<div class=\"wpcf7 no-js\" id=\"wpcf7-f5-o1\" lang=\"ro-RO\" dir=\"ltr\">\n<div class=\"screen-reader-response\"><p role=\"status\" aria-live=\"polite\" aria-atomic=\"true\"><\/p> <ul><\/ul><\/div>\n<form action=\"\/shop\/wp-json\/wp\/v2\/pages\/3727#wpcf7-f5-o1\" method=\"post\" class=\"wpcf7-form init\" aria-label=\"Formular de contact\" novalidate=\"novalidate\" data-status=\"init\">\n<div style=\"display: none;\">\n<input type=\"hidden\" name=\"_wpcf7\" value=\"5\" \/>\n<input type=\"hidden\" name=\"_wpcf7_version\" value=\"5.8.3\" \/>\n<input type=\"hidden\" name=\"_wpcf7_locale\" value=\"ro_RO\" \/>\n<input type=\"hidden\" name=\"_wpcf7_unit_tag\" value=\"wpcf7-f5-o1\" \/>\n<input type=\"hidden\" name=\"_wpcf7_container_post\" value=\"0\" \/>\n<input type=\"hidden\" name=\"_wpcf7_posted_data_hash\" value=\"\" \/>\n<\/div>\n<p><label> Numele t\u0103u (obligatoriu)<br \/>\n<span class=\"wpcf7-form-control-wrap\" data-name=\"your-name\"><input size=\"40\" class=\"wpcf7-form-control wpcf7-text wpcf7-validates-as-required\" aria-required=\"true\" aria-invalid=\"false\" value=\"\" type=\"text\" name=\"your-name\" \/><\/span> <\/label>\n<\/p>\n<p><label> Emailul t\u0103u (obligatoriu)<br \/>\n<span class=\"wpcf7-form-control-wrap\" data-name=\"your-email\"><input size=\"40\" class=\"wpcf7-form-control wpcf7-email wpcf7-validates-as-required wpcf7-text wpcf7-validates-as-email\" aria-required=\"true\" aria-invalid=\"false\" value=\"\" type=\"email\" name=\"your-email\" \/><\/span> <\/label>\n<\/p>\n<p><label> Subiect<br \/>\n<span class=\"wpcf7-form-control-wrap\" data-name=\"your-subject\"><input size=\"40\" class=\"wpcf7-form-control wpcf7-text\" aria-invalid=\"false\" value=\"\" type=\"text\" name=\"your-subject\" \/><\/span> <\/label>\n<\/p>\n<p><label> Mesajul t\u0103u<br \/>\n<span class=\"wpcf7-form-control-wrap\" data-name=\"your-message\"><textarea cols=\"40\" rows=\"10\" class=\"wpcf7-form-control wpcf7-textarea\" aria-invalid=\"false\" name=\"your-message\"><\/textarea><\/span> <\/label>\n<\/p>\n<div id=\"cf7sr-69f1bc33995b0\" class=\"cf7sr-g-recaptcha\" data-sitekey=\"6Lc-0rgZAAAAADptEdKDJblTwPT8jjIGLeyygdAC\"><\/div><span class=\"wpcf7-form-control-wrap cf7sr-recaptcha\" data-name=\"cf7sr-recaptcha\"><input type=\"hidden\" name=\"cf7sr-recaptcha\" value=\"\" class=\"wpcf7-form-control\"><\/span>\n<\/p>\n<p><input class=\"wpcf7-form-control wpcf7-submit has-spinner\" type=\"submit\" value=\"Trimite\" \/>\n<\/p><div class=\"wpcf7-response-output\" aria-hidden=\"true\"><\/div>\n<\/form>\n<\/div>\n\n","protected":false},"excerpt":{"rendered":"Numele t\u0103u (obligatoriu) Emailul t\u0103u (obligatoriu) Subiect Mesajul t\u0103u","protected":false},"author":1,"featured_media":0,"parent":0,"menu_order":0,"comment_status":"closed","ping_status":"closed","template":"","meta":{"_mi_skip_tracking":false,"_exactmetrics_sitenote_active":false,"_exactmetrics_sitenote_note":"","_exactmetrics_sitenote_category":0,"footnotes":""},"acf":[],"_links":{"self":[{"href":"https:\/\/lucadezmir.com\/shop\/wp-json\/wp\/v2\/pages\/3727"}],"collection":[{"href":"https:\/\/lucadezmir.com\/shop\/wp-json\/wp\/v2\/pages"}],"about":[{"href":"https:\/\/lucadezmir.com\/shop\/wp-json\/wp\/v2\/types\/page"}],"author":[{"embeddable":true,"href":"https:\/\/lucadezmir.com\/shop\/wp-json\/wp\/v2\/users\/1"}],"replies":[{"embeddable":true,"href":"https:\/\/lucadezmir.com\/shop\/wp-json\/wp\/v2\/comments?post=3727"}],"version-history":[{"count":1,"href":"https:\/\/lucadezmir.com\/shop\/wp-json\/wp\/v2\/pages\/3727\/revisions"}],"predecessor-version":[{"id":3728,"href":"https:\/\/lucadezmir.com\/shop\/wp-json\/wp\/v2\/pages\/3727\/revisions\/3728"}],"wp:attachment":[{"href":"https:\/\/lucadezmir.com\/shop\/wp-json\/wp\/v2\/media?parent=3727"}],"curies":[{"name":"wp","href":"https:\/\/api.w.org\/{rel}","templated":true}]}}